{"id":270,"date":"2020-11-18T08:25:18","date_gmt":"2020-11-18T08:25:18","guid":{"rendered":"https:\/\/ttiops.org\/agreements\/"},"modified":"2020-12-02T19:50:17","modified_gmt":"2020-12-02T19:50:17","slug":"agreements","status":"publish","type":"page","link":"https:\/\/ttiops.org\/es\/agreements\/","title":{"rendered":"Acuerdos"},"content":{"rendered":"\n<div class=\"wp-block-columns is-layout-flex wp-container-core-columns-is-layout-9d6595d7 wp-block-columns-is-layout-flex\">\n<div class=\"wp-block-column is-layout-flow wp-block-column-is-layout-flow\" style=\"flex-basis:10%\"><\/div>\n\n\n\n<div class=\"wp-block-column is-layout-flow wp-block-column-is-layout-flow\" style=\"flex-basis:80%\"><\/div>\n\n\n\n<div class=\"wp-block-column is-layout-flow wp-block-column-is-layout-flow\" style=\"flex-basis:10%\"><\/div>\n<\/div>\n\n\n\n<hr class=\"wp-block-separator\"\/>\n\n\n\n<div class=\"wp-block-group\"><div class=\"wp-block-group__inner-container is-layout-flow wp-block-group-is-layout-flow\">\n<div class=\"wp-block-columns is-layout-flex wp-container-core-columns-is-layout-9d6595d7 wp-block-columns-is-layout-flex\">\n<div class=\"wp-block-column is-layout-flow wp-block-column-is-layout-flow\">\n<h3 class=\"wp-block-heading\"><strong><strong>CONVENIO DE COLABORACI\u00d3N CON LA UNIVERSIDAD REY JUAN CARLOS<\/strong><\/strong><\/h3>\n\n\n\n<p>El \u00e9xito del primer curso de Experto Universitario en \u00abArmamento, Bal\u00edstica y T\u00e9cnicas de Tiro\u00bb supuso el inicio de este convenio de colaboraci\u00f3n entre TTI-OPS y la URJC.&nbsp;En estos a\u00f1os, trabajando en conjunto, hemos conseguido potenciar estudios de alto nivel con una oferta internacional.<\/p>\n\n\n\n<p><a href=\"http:\/\/www.urjc.es\/\">http:\/\/www.urjc.es\/<\/a><\/p>\n<\/div>\n\n\n\n<div class=\"wp-block-column is-layout-flow wp-block-column-is-layout-flow\">\n<h3 class=\"wp-block-heading\"><strong><strong>CONVENIO DE COLABORACI\u00d3N CON LA UNIVERSIDAD CAMILO JOS\u00c9 CELA<\/strong><\/strong><\/h3>\n\n\n\n<p>El convenio marco de colaboraci\u00f3n, entre Tactical Training Institute (TTI-OPS) y la Universidad Camilo Jos\u00e9 Cela ha supuesto el desarrollo de numerosas acciones formativas y programas de I+D.<\/p>\n\n\n\n<p>Las \u00e1reas de trabajo han sido en las ramas de criminolog\u00eda, estudios de investigaci\u00f3n, log\u00edstica y estudios de seguridad mar\u00edtima.<\/p>\n<\/div>\n<\/div>\n\n\n\n<div class=\"wp-block-columns is-layout-flex wp-container-core-columns-is-layout-9d6595d7 wp-block-columns-is-layout-flex\">\n<div class=\"wp-block-column is-layout-flow wp-block-column-is-layout-flow\">\n<h3 class=\"wp-block-heading\"><strong><strong>ACUERDO DE COLABORACION CON ARES<\/strong><\/strong><\/h3>\n\n\n\n<p>Acuerdo de colaboraci\u00f3n entre la Asociaci\u00f3n de Reservistas Espa\u00f1oles (ARES) y Tactical Training Institute (TTI)<\/p>\n\n\n\n<p>Los afiliados a la asociaci\u00f3n ARES se beneficiaren de descuentos en los cursos, ademas de poder participar en actividades exclusivas para los Asociados.<\/p>\n\n\n\n<p><a href=\"http:\/\/www.ares-resvol.es\/\">http:\/\/www.ares-resvol.es\/<\/a><\/p>\n<\/div>\n\n\n\n<div class=\"wp-block-column is-layout-flow wp-block-column-is-layout-flow\">\n<h3 class=\"wp-block-heading\"><strong><strong>ACUERDO DE COLABORACION CON IPA<\/strong><\/strong><\/h3>\n\n\n\n<p>Acuerdo de colaboraci\u00f3n entre las instituciones TACTICAL TRAINING INSTITUTE y la asociaci\u00f3n IPA (INTERNATIONAL POLICE ASOCIATION), por el cual los afiliados a IPA cuentan con numerosas ventajas para realizaci\u00f3n de los cursos que ofrecemos.<\/p>\n\n\n\n<p><a href=\"http:\/\/www.ipaespana.org\/\">www.ipaespana.org<\/a><\/p>\n<\/div>\n<\/div>\n\n\n\n<div class=\"wp-block-columns is-layout-flex wp-container-core-columns-is-layout-9d6595d7 wp-block-columns-is-layout-flex\">\n<div class=\"wp-block-column is-layout-flow wp-block-column-is-layout-flow\">\n<h3 class=\"wp-block-heading\"><strong><strong>ACUERDO DE FORMACION CON LA FMTO<\/strong><\/strong><\/h3>\n\n\n\n<p>Tactical Training Institute, dentro del marco de acuerdos con otras instituciones tiene suscrito con la Federaci\u00f3n Madrile\u00f1a de Tiro Ol\u00edmpico, acuerdo de cooperaci\u00f3n en materia formativa.<\/p>\n\n\n\n<p>Dentro de este acuerdo se han realizado hasta el d\u00eda de hoy diversas actividades formativas como son: Cursos de Instructor de Tiro de arma corta, Curso de experto Universitario en armamento, bal\u00edstica y tiro deportivo y profesional adem\u00e1s del proceso formativo interno de Tactical Training Institute en el cual durante dos semanas instructores que proven\u00edan de distintos puntos de Espa\u00f1a se formaron para poder impartir cursos de distintas modalidades de tiro.<\/p>\n<\/div>\n\n\n\n<div class=\"wp-block-column is-layout-flow wp-block-column-is-layout-flow\">\n<h3 class=\"wp-block-heading\"><strong><strong>ACUERDO ENTRE TTI-OPS Y WORLD MANAGEMENT CONSULTING LTD.<\/strong><\/strong><\/h3>\n\n\n\n<p>TTI-OPS&nbsp;y la empresa francesa, con delegaci\u00f3n en Reino Unido,&nbsp;W.C.M. ltd. han llegado a un acuerdo de colaboraci\u00f3n en materia de formaci\u00f3n y servicios globales de seguridad. De esta manera se espera poder ofrecer a los clientes de ambas empresas nuevos servicios de seguridad e inteligencia en la gesti\u00f3n de riesgos. Tambi\u00e9n ambas empresas podr\u00e1n ampliar su influencia geogr\u00e1fica al sumar pa\u00edses donde su presencia ser\u00e1 permanente.<\/p>\n\n\n\n<p><a href=\"http:\/\/www.world-management-consulting.com\/\">http:\/\/www.world-management-consulting.com\/<\/a><\/p>\n<\/div>\n<\/div>\n<\/div><\/div>\n\n\n\n<hr class=\"wp-block-separator\"\/>\n\n\n\n<div style=\"height:100px\" aria-hidden=\"true\" class=\"wp-block-spacer\"><\/div>\n\n\n\n<figure class=\"wp-block-image size-full\"><img loading=\"lazy\" decoding=\"async\" width=\"1218\" height=\"106\" src=\"https:\/\/ttiops.org\/wp-content\/uploads\/2020\/11\/Cita_colab.png\" alt=\"\" class=\"wp-image-112\" srcset=\"https:\/\/ttiops.org\/wp-content\/uploads\/2020\/11\/Cita_colab.png 1218w, https:\/\/ttiops.org\/wp-content\/uploads\/2020\/11\/Cita_colab-300x26.png 300w, https:\/\/ttiops.org\/wp-content\/uploads\/2020\/11\/Cita_colab-1024x89.png 1024w, https:\/\/ttiops.org\/wp-content\/uploads\/2020\/11\/Cita_colab-768x67.png 768w\" sizes=\"auto, (max-width: 1218px) 100vw, 1218px\" \/><\/figure>\n\n\n\n<div style=\"height:100px\" aria-hidden=\"true\" class=\"wp-block-spacer\"><\/div>\n","protected":false},"excerpt":{"rendered":"<p>CONVENIO DE COLABORACI\u00d3N CON LA UNIVERSIDAD REY JUAN CARLOS El \u00e9xito del primer curso de Experto Universitario en \u00abArmamento, Bal\u00edstica y T\u00e9cnicas de Tiro\u00bb supuso el inicio de este convenio de colaboraci\u00f3n entre TTI-OPS y la URJC.&nbsp;En estos a\u00f1os, trabajando en conjunto, hemos conseguido potenciar estudios de alto nivel con una oferta internacional. http:\/\/www.urjc.es\/ CONVENIO [&hellip;]<\/p>\n","protected":false},"author":1,"featured_media":92,"parent":0,"menu_order":7,"comment_status":"closed","ping_status":"closed","template":"","meta":{"footnotes":""},"class_list":["post-270","page","type-page","status-publish","hentry"],"yoast_head":"<!-- This site is optimized with the Yoast SEO plugin v24.9 - https:\/\/yoast.com\/wordpress\/plugins\/seo\/ -->\n<title>Acuerdos - TTI-OPS | Tactical Training Institute<\/title>\n<meta name=\"robots\" content=\"index, follow, max-snippet:-1, max-image-preview:large, max-video-preview:-1\" \/>\n<link rel=\"canonical\" href=\"https:\/\/ttiops.org\/es\/agreements\/\" \/>\n<meta property=\"og:locale\" content=\"es_ES\" \/>\n<meta property=\"og:type\" content=\"article\" \/>\n<meta property=\"og:title\" content=\"Acuerdos - TTI-OPS | Tactical Training Institute\" \/>\n<meta property=\"og:description\" content=\"CONVENIO DE COLABORACI\u00d3N CON LA UNIVERSIDAD REY JUAN CARLOS El \u00e9xito del primer curso de Experto Universitario en \u00abArmamento, Bal\u00edstica y T\u00e9cnicas de Tiro\u00bb supuso el inicio de este convenio de colaboraci\u00f3n entre TTI-OPS y la URJC.&nbsp;En estos a\u00f1os, trabajando en conjunto, hemos conseguido potenciar estudios de alto nivel con una oferta internacional. http:\/\/www.urjc.es\/ CONVENIO [&hellip;]\" \/>\n<meta property=\"og:url\" content=\"https:\/\/ttiops.org\/es\/agreements\/\" \/>\n<meta property=\"og:site_name\" content=\"TTI-OPS | Tactical Training Institute\" \/>\n<meta property=\"article:modified_time\" content=\"2020-12-02T19:50:17+00:00\" \/>\n<meta property=\"og:image\" content=\"https:\/\/ttiops.org\/wp-content\/uploads\/2020\/11\/Header_colab-1.jpg\" \/>\n\t<meta property=\"og:image:width\" content=\"1220\" \/>\n\t<meta property=\"og:image:height\" content=\"276\" \/>\n\t<meta property=\"og:image:type\" content=\"image\/jpeg\" \/>\n<meta name=\"twitter:card\" content=\"summary_large_image\" \/>\n<meta name=\"twitter:label1\" content=\"Tiempo de lectura\" \/>\n\t<meta name=\"twitter:data1\" content=\"2 minutos\" \/>\n<script type=\"application\/ld+json\" class=\"yoast-schema-graph\">{\"@context\":\"https:\/\/schema.org\",\"@graph\":[{\"@type\":\"WebPage\",\"@id\":\"https:\/\/ttiops.org\/es\/agreements\/\",\"url\":\"https:\/\/ttiops.org\/es\/agreements\/\",\"name\":\"Acuerdos - TTI-OPS | Tactical Training Institute\",\"isPartOf\":{\"@id\":\"https:\/\/ttiops.org\/pt-br\/#website\"},\"primaryImageOfPage\":{\"@id\":\"https:\/\/ttiops.org\/es\/agreements\/#primaryimage\"},\"image\":{\"@id\":\"https:\/\/ttiops.org\/es\/agreements\/#primaryimage\"},\"thumbnailUrl\":\"https:\/\/ttiops.org\/wp-content\/uploads\/2020\/11\/Header_colab-1.jpg\",\"datePublished\":\"2020-11-18T08:25:18+00:00\",\"dateModified\":\"2020-12-02T19:50:17+00:00\",\"breadcrumb\":{\"@id\":\"https:\/\/ttiops.org\/es\/agreements\/#breadcrumb\"},\"inLanguage\":\"es\",\"potentialAction\":[{\"@type\":\"ReadAction\",\"target\":[\"https:\/\/ttiops.org\/es\/agreements\/\"]}]},{\"@type\":\"ImageObject\",\"inLanguage\":\"es\",\"@id\":\"https:\/\/ttiops.org\/es\/agreements\/#primaryimage\",\"url\":\"https:\/\/ttiops.org\/wp-content\/uploads\/2020\/11\/Header_colab-1.jpg\",\"contentUrl\":\"https:\/\/ttiops.org\/wp-content\/uploads\/2020\/11\/Header_colab-1.jpg\",\"width\":1220,\"height\":276},{\"@type\":\"BreadcrumbList\",\"@id\":\"https:\/\/ttiops.org\/es\/agreements\/#breadcrumb\",\"itemListElement\":[{\"@type\":\"ListItem\",\"position\":1,\"name\":\"Home\",\"item\":\"https:\/\/ttiops.org\/es\/\"},{\"@type\":\"ListItem\",\"position\":2,\"name\":\"Acuerdos\"}]},{\"@type\":\"WebSite\",\"@id\":\"https:\/\/ttiops.org\/pt-br\/#website\",\"url\":\"https:\/\/ttiops.org\/pt-br\/\",\"name\":\"TTI-OPS | Tactical Training Institute\",\"description\":\"\",\"potentialAction\":[{\"@type\":\"SearchAction\",\"target\":{\"@type\":\"EntryPoint\",\"urlTemplate\":\"https:\/\/ttiops.org\/pt-br\/?s={search_term_string}\"},\"query-input\":{\"@type\":\"PropertyValueSpecification\",\"valueRequired\":true,\"valueName\":\"search_term_string\"}}],\"inLanguage\":\"es\"}]}<\/script>\n<!-- \/ Yoast SEO plugin. -->","yoast_head_json":{"title":"Acuerdos - TTI-OPS | Tactical Training Institute","robots":{"index":"index","follow":"follow","max-snippet":"max-snippet:-1","max-image-preview":"max-image-preview:large","max-video-preview":"max-video-preview:-1"},"canonical":"https:\/\/ttiops.org\/es\/agreements\/","og_locale":"es_ES","og_type":"article","og_title":"Acuerdos - TTI-OPS | Tactical Training Institute","og_description":"CONVENIO DE COLABORACI\u00d3N CON LA UNIVERSIDAD REY JUAN CARLOS El \u00e9xito del primer curso de Experto Universitario en \u00abArmamento, Bal\u00edstica y T\u00e9cnicas de Tiro\u00bb supuso el inicio de este convenio de colaboraci\u00f3n entre TTI-OPS y la URJC.&nbsp;En estos a\u00f1os, trabajando en conjunto, hemos conseguido potenciar estudios de alto nivel con una oferta internacional. http:\/\/www.urjc.es\/ CONVENIO [&hellip;]","og_url":"https:\/\/ttiops.org\/es\/agreements\/","og_site_name":"TTI-OPS | Tactical Training Institute","article_modified_time":"2020-12-02T19:50:17+00:00","og_image":[{"width":1220,"height":276,"url":"https:\/\/ttiops.org\/wp-content\/uploads\/2020\/11\/Header_colab-1.jpg","type":"image\/jpeg"}],"twitter_card":"summary_large_image","twitter_misc":{"Tiempo de lectura":"2 minutos"},"schema":{"@context":"https:\/\/schema.org","@graph":[{"@type":"WebPage","@id":"https:\/\/ttiops.org\/es\/agreements\/","url":"https:\/\/ttiops.org\/es\/agreements\/","name":"Acuerdos - TTI-OPS | Tactical Training Institute","isPartOf":{"@id":"https:\/\/ttiops.org\/pt-br\/#website"},"primaryImageOfPage":{"@id":"https:\/\/ttiops.org\/es\/agreements\/#primaryimage"},"image":{"@id":"https:\/\/ttiops.org\/es\/agreements\/#primaryimage"},"thumbnailUrl":"https:\/\/ttiops.org\/wp-content\/uploads\/2020\/11\/Header_colab-1.jpg","datePublished":"2020-11-18T08:25:18+00:00","dateModified":"2020-12-02T19:50:17+00:00","breadcrumb":{"@id":"https:\/\/ttiops.org\/es\/agreements\/#breadcrumb"},"inLanguage":"es","potentialAction":[{"@type":"ReadAction","target":["https:\/\/ttiops.org\/es\/agreements\/"]}]},{"@type":"ImageObject","inLanguage":"es","@id":"https:\/\/ttiops.org\/es\/agreements\/#primaryimage","url":"https:\/\/ttiops.org\/wp-content\/uploads\/2020\/11\/Header_colab-1.jpg","contentUrl":"https:\/\/ttiops.org\/wp-content\/uploads\/2020\/11\/Header_colab-1.jpg","width":1220,"height":276},{"@type":"BreadcrumbList","@id":"https:\/\/ttiops.org\/es\/agreements\/#breadcrumb","itemListElement":[{"@type":"ListItem","position":1,"name":"Home","item":"https:\/\/ttiops.org\/es\/"},{"@type":"ListItem","position":2,"name":"Acuerdos"}]},{"@type":"WebSite","@id":"https:\/\/ttiops.org\/pt-br\/#website","url":"https:\/\/ttiops.org\/pt-br\/","name":"TTI-OPS | Tactical Training Institute","description":"","potentialAction":[{"@type":"SearchAction","target":{"@type":"EntryPoint","urlTemplate":"https:\/\/ttiops.org\/pt-br\/?s={search_term_string}"},"query-input":{"@type":"PropertyValueSpecification","valueRequired":true,"valueName":"search_term_string"}}],"inLanguage":"es"}]}},"_links":{"self":[{"href":"https:\/\/ttiops.org\/es\/wp-json\/wp\/v2\/pages\/270","targetHints":{"allow":["GET"]}}],"collection":[{"href":"https:\/\/ttiops.org\/es\/wp-json\/wp\/v2\/pages"}],"about":[{"href":"https:\/\/ttiops.org\/es\/wp-json\/wp\/v2\/types\/page"}],"author":[{"embeddable":true,"href":"https:\/\/ttiops.org\/es\/wp-json\/wp\/v2\/users\/1"}],"replies":[{"embeddable":true,"href":"https:\/\/ttiops.org\/es\/wp-json\/wp\/v2\/comments?post=270"}],"version-history":[{"count":3,"href":"https:\/\/ttiops.org\/es\/wp-json\/wp\/v2\/pages\/270\/revisions"}],"predecessor-version":[{"id":466,"href":"https:\/\/ttiops.org\/es\/wp-json\/wp\/v2\/pages\/270\/revisions\/466"}],"wp:featuredmedia":[{"embeddable":true,"href":"https:\/\/ttiops.org\/es\/wp-json\/wp\/v2\/media\/92"}],"wp:attachment":[{"href":"https:\/\/ttiops.org\/es\/wp-json\/wp\/v2\/media?parent=270"}],"curies":[{"name":"wp","href":"https:\/\/api.w.org\/{rel}","templated":true}]}}