{"id":275,"date":"2020-11-18T09:47:23","date_gmt":"2020-11-18T09:47:23","guid":{"rendered":"https:\/\/ttiops.org\/instructors\/"},"modified":"2020-11-18T23:52:18","modified_gmt":"2020-11-18T23:52:18","slug":"instructores","status":"publish","type":"page","link":"https:\/\/ttiops.org\/es\/instructores\/","title":{"rendered":"Instructores"},"content":{"rendered":"\n<div class=\"wp-block-image\"><figure class=\"aligncenter size-full\"><img loading=\"lazy\" decoding=\"async\" width=\"600\" height=\"172\" src=\"https:\/\/ttiops.org\/wp-content\/uploads\/2020\/11\/Instructores.png\" alt=\"\" class=\"wp-image-123\" srcset=\"https:\/\/ttiops.org\/wp-content\/uploads\/2020\/11\/Instructores.png 600w, https:\/\/ttiops.org\/wp-content\/uploads\/2020\/11\/Instructores-300x86.png 300w\" sizes=\"auto, (max-width: 600px) 100vw, 600px\" \/><\/figure><\/div>\n\n\n\n<p>Una buena formaci\u00f3n salva vidas y&nbsp;da como resultado una mayor eficacia en cada misi\u00f3n. Por este motivo, TTI-OPS se preocupa de formar de manera eficaz y probada, una cualidad que los clientes nos solicitan frente a la pobre formaci\u00f3n por parte de instructores no cualificados, autotitulados o sin experiencia real que ponen en riesgo la vida de los alumnos y de seres humanos inocentes.<\/p>\n\n\n\n<p>En TTI-OPS valoramos en nuestros instructores, adem\u00e1s de&nbsp;todas sus capacidades docentes, la experiencia real. Por esta raz\u00f3n, todos nuestros instructores cuentan con un m\u00ednimo de 10 a\u00f1os de experiencia en Fuerzas Especiales del ej\u00e9rcito, la polic\u00eda o han trabajado como contratistas en zonas de alto riesgo.<\/p>\n\n\n\n<p>La capacidad docente como requisito fundamental nos convierte en una academia por la que han pasado mas de 25.000 alumnnos, desde civiles, periodistas hasta policias, militares y grupos de operaciones especiales de diferentes paises.<\/p>\n\n\n\n<p>Nuestros instructores hasta con 20 a\u00f1os dando formaci\u00f3n tienen la experiecia y conocimientos adecuados para cada tipo de alumno.<br>La experiencia real de combate de nuestros instructores, su participaci\u00f3n en operaciones desde Afganist\u00e1n hasta las favelas de Rio de Janeiro, avalan las t\u00e9cnicas y procedimientos ense\u00f1ados y puestos a prueba en situaciones reales y de alto riesgo.<\/p>\n\n\n\n<p>Los instructores de TTI-OPS cuentan con una gran experiencia en la formaci\u00f3n de fuerzas y seguridad del Estado, as\u00ed como personal de seguridad privada y particulares, reconocida por diferentes organizaciones en varios pa\u00edses de Am\u00e9rica y Europa.<\/p>\n\n\n\n<p>Todos nuestros instructores contin\u00faan en activo y realizando operaciones de seguridad. Por esta raz\u00f3n cuidamos su anonimato, del mismo modo que cuidamos el anonimato de nuestros alumnos. Es primordial la seriedad, la profesionalidad y la \u00e9tica de nuestros instructores, as\u00ed como de la organizaci\u00f3n.<\/p>\n\n\n\n<p>Desde su fundaci\u00f3n en 1998, TTI-OPS cre\u00f3 una red de profesionales que comparten sus experiencias y valoran, ponen a prueba y crean t\u00e9cnicas de instrucci\u00f3n e intervenci\u00f3n perfectamente adaptadas a las situaciones jur\u00eddicas y sociales de cada pa\u00eds en&nbsp;el que trabajamos.<\/p>\n\n\n\n<div style=\"height:32px\" aria-hidden=\"true\" class=\"wp-block-spacer\"><\/div>\n\n\n\n<div class=\"wp-block-image\"><figure class=\"aligncenter size-full\"><img loading=\"lazy\" decoding=\"async\" width=\"400\" height=\"89\" src=\"https:\/\/ttiops.org\/wp-content\/uploads\/2020\/11\/TTI-instructores-img-LC.jpg\" alt=\"\" class=\"wp-image-128\" srcset=\"https:\/\/ttiops.org\/wp-content\/uploads\/2020\/11\/TTI-instructores-img-LC.jpg 400w, https:\/\/ttiops.org\/wp-content\/uploads\/2020\/11\/TTI-instructores-img-LC-300x67.jpg 300w\" sizes=\"auto, (max-width: 400px) 100vw, 400px\" \/><\/figure><\/div>\n","protected":false},"excerpt":{"rendered":"<p>Una buena formaci\u00f3n salva vidas y&nbsp;da como resultado una mayor eficacia en cada misi\u00f3n. Por este motivo, TTI-OPS se preocupa de formar de manera eficaz y probada, una cualidad que los clientes nos solicitan frente a la pobre formaci\u00f3n por parte de instructores no cualificados, autotitulados o sin experiencia real que ponen en riesgo la [&hellip;]<\/p>\n","protected":false},"author":1,"featured_media":0,"parent":0,"menu_order":19,"comment_status":"closed","ping_status":"closed","template":"","meta":{"footnotes":""},"class_list":["post-275","page","type-page","status-publish","hentry"],"yoast_head":"<!-- This site is optimized with the Yoast SEO plugin v24.9 - https:\/\/yoast.com\/wordpress\/plugins\/seo\/ -->\n<title>Instructores - TTI-OPS | Tactical Training Institute<\/title>\n<meta name=\"robots\" content=\"index, follow, max-snippet:-1, max-image-preview:large, max-video-preview:-1\" \/>\n<link rel=\"canonical\" href=\"https:\/\/ttiops.org\/es\/instructores\/\" \/>\n<meta property=\"og:locale\" content=\"es_ES\" \/>\n<meta property=\"og:type\" content=\"article\" \/>\n<meta property=\"og:title\" content=\"Instructores - TTI-OPS | Tactical Training Institute\" \/>\n<meta property=\"og:description\" content=\"Una buena formaci\u00f3n salva vidas y&nbsp;da como resultado una mayor eficacia en cada misi\u00f3n. Por este motivo, TTI-OPS se preocupa de formar de manera eficaz y probada, una cualidad que los clientes nos solicitan frente a la pobre formaci\u00f3n por parte de instructores no cualificados, autotitulados o sin experiencia real que ponen en riesgo la [&hellip;]\" \/>\n<meta property=\"og:url\" content=\"https:\/\/ttiops.org\/es\/instructores\/\" \/>\n<meta property=\"og:site_name\" content=\"TTI-OPS | Tactical Training Institute\" \/>\n<meta property=\"article:modified_time\" content=\"2020-11-18T23:52:18+00:00\" \/>\n<meta property=\"og:image\" content=\"https:\/\/ttiops.org\/wp-content\/uploads\/2020\/11\/Instructores.png\" \/>\n\t<meta property=\"og:image:width\" content=\"600\" \/>\n\t<meta property=\"og:image:height\" content=\"172\" \/>\n\t<meta property=\"og:image:type\" content=\"image\/png\" \/>\n<meta name=\"twitter:card\" content=\"summary_large_image\" \/>\n<meta name=\"twitter:label1\" content=\"Tiempo de lectura\" \/>\n\t<meta name=\"twitter:data1\" content=\"2 minutos\" \/>\n<script type=\"application\/ld+json\" class=\"yoast-schema-graph\">{\"@context\":\"https:\/\/schema.org\",\"@graph\":[{\"@type\":\"WebPage\",\"@id\":\"https:\/\/ttiops.org\/es\/instructores\/\",\"url\":\"https:\/\/ttiops.org\/es\/instructores\/\",\"name\":\"Instructores - TTI-OPS | Tactical Training Institute\",\"isPartOf\":{\"@id\":\"https:\/\/ttiops.org\/pt-br\/#website\"},\"primaryImageOfPage\":{\"@id\":\"https:\/\/ttiops.org\/es\/instructores\/#primaryimage\"},\"image\":{\"@id\":\"https:\/\/ttiops.org\/es\/instructores\/#primaryimage\"},\"thumbnailUrl\":\"https:\/\/ttiops.org\/wp-content\/uploads\/2020\/11\/Instructores.png\",\"datePublished\":\"2020-11-18T09:47:23+00:00\",\"dateModified\":\"2020-11-18T23:52:18+00:00\",\"breadcrumb\":{\"@id\":\"https:\/\/ttiops.org\/es\/instructores\/#breadcrumb\"},\"inLanguage\":\"es\",\"potentialAction\":[{\"@type\":\"ReadAction\",\"target\":[\"https:\/\/ttiops.org\/es\/instructores\/\"]}]},{\"@type\":\"ImageObject\",\"inLanguage\":\"es\",\"@id\":\"https:\/\/ttiops.org\/es\/instructores\/#primaryimage\",\"url\":\"https:\/\/ttiops.org\/wp-content\/uploads\/2020\/11\/Instructores.png\",\"contentUrl\":\"https:\/\/ttiops.org\/wp-content\/uploads\/2020\/11\/Instructores.png\"},{\"@type\":\"BreadcrumbList\",\"@id\":\"https:\/\/ttiops.org\/es\/instructores\/#breadcrumb\",\"itemListElement\":[{\"@type\":\"ListItem\",\"position\":1,\"name\":\"Home\",\"item\":\"https:\/\/ttiops.org\/es\/\"},{\"@type\":\"ListItem\",\"position\":2,\"name\":\"Instructores\"}]},{\"@type\":\"WebSite\",\"@id\":\"https:\/\/ttiops.org\/pt-br\/#website\",\"url\":\"https:\/\/ttiops.org\/pt-br\/\",\"name\":\"TTI-OPS | Tactical Training Institute\",\"description\":\"\",\"potentialAction\":[{\"@type\":\"SearchAction\",\"target\":{\"@type\":\"EntryPoint\",\"urlTemplate\":\"https:\/\/ttiops.org\/pt-br\/?s={search_term_string}\"},\"query-input\":{\"@type\":\"PropertyValueSpecification\",\"valueRequired\":true,\"valueName\":\"search_term_string\"}}],\"inLanguage\":\"es\"}]}<\/script>\n<!-- \/ Yoast SEO plugin. -->","yoast_head_json":{"title":"Instructores - TTI-OPS | Tactical Training Institute","robots":{"index":"index","follow":"follow","max-snippet":"max-snippet:-1","max-image-preview":"max-image-preview:large","max-video-preview":"max-video-preview:-1"},"canonical":"https:\/\/ttiops.org\/es\/instructores\/","og_locale":"es_ES","og_type":"article","og_title":"Instructores - TTI-OPS | Tactical Training Institute","og_description":"Una buena formaci\u00f3n salva vidas y&nbsp;da como resultado una mayor eficacia en cada misi\u00f3n. Por este motivo, TTI-OPS se preocupa de formar de manera eficaz y probada, una cualidad que los clientes nos solicitan frente a la pobre formaci\u00f3n por parte de instructores no cualificados, autotitulados o sin experiencia real que ponen en riesgo la [&hellip;]","og_url":"https:\/\/ttiops.org\/es\/instructores\/","og_site_name":"TTI-OPS | Tactical Training Institute","article_modified_time":"2020-11-18T23:52:18+00:00","og_image":[{"width":600,"height":172,"url":"https:\/\/ttiops.org\/wp-content\/uploads\/2020\/11\/Instructores.png","type":"image\/png"}],"twitter_card":"summary_large_image","twitter_misc":{"Tiempo de lectura":"2 minutos"},"schema":{"@context":"https:\/\/schema.org","@graph":[{"@type":"WebPage","@id":"https:\/\/ttiops.org\/es\/instructores\/","url":"https:\/\/ttiops.org\/es\/instructores\/","name":"Instructores - TTI-OPS | Tactical Training Institute","isPartOf":{"@id":"https:\/\/ttiops.org\/pt-br\/#website"},"primaryImageOfPage":{"@id":"https:\/\/ttiops.org\/es\/instructores\/#primaryimage"},"image":{"@id":"https:\/\/ttiops.org\/es\/instructores\/#primaryimage"},"thumbnailUrl":"https:\/\/ttiops.org\/wp-content\/uploads\/2020\/11\/Instructores.png","datePublished":"2020-11-18T09:47:23+00:00","dateModified":"2020-11-18T23:52:18+00:00","breadcrumb":{"@id":"https:\/\/ttiops.org\/es\/instructores\/#breadcrumb"},"inLanguage":"es","potentialAction":[{"@type":"ReadAction","target":["https:\/\/ttiops.org\/es\/instructores\/"]}]},{"@type":"ImageObject","inLanguage":"es","@id":"https:\/\/ttiops.org\/es\/instructores\/#primaryimage","url":"https:\/\/ttiops.org\/wp-content\/uploads\/2020\/11\/Instructores.png","contentUrl":"https:\/\/ttiops.org\/wp-content\/uploads\/2020\/11\/Instructores.png"},{"@type":"BreadcrumbList","@id":"https:\/\/ttiops.org\/es\/instructores\/#breadcrumb","itemListElement":[{"@type":"ListItem","position":1,"name":"Home","item":"https:\/\/ttiops.org\/es\/"},{"@type":"ListItem","position":2,"name":"Instructores"}]},{"@type":"WebSite","@id":"https:\/\/ttiops.org\/pt-br\/#website","url":"https:\/\/ttiops.org\/pt-br\/","name":"TTI-OPS | Tactical Training Institute","description":"","potentialAction":[{"@type":"SearchAction","target":{"@type":"EntryPoint","urlTemplate":"https:\/\/ttiops.org\/pt-br\/?s={search_term_string}"},"query-input":{"@type":"PropertyValueSpecification","valueRequired":true,"valueName":"search_term_string"}}],"inLanguage":"es"}]}},"_links":{"self":[{"href":"https:\/\/ttiops.org\/es\/wp-json\/wp\/v2\/pages\/275","targetHints":{"allow":["GET"]}}],"collection":[{"href":"https:\/\/ttiops.org\/es\/wp-json\/wp\/v2\/pages"}],"about":[{"href":"https:\/\/ttiops.org\/es\/wp-json\/wp\/v2\/types\/page"}],"author":[{"embeddable":true,"href":"https:\/\/ttiops.org\/es\/wp-json\/wp\/v2\/users\/1"}],"replies":[{"embeddable":true,"href":"https:\/\/ttiops.org\/es\/wp-json\/wp\/v2\/comments?post=275"}],"version-history":[{"count":1,"href":"https:\/\/ttiops.org\/es\/wp-json\/wp\/v2\/pages\/275\/revisions"}],"predecessor-version":[{"id":276,"href":"https:\/\/ttiops.org\/es\/wp-json\/wp\/v2\/pages\/275\/revisions\/276"}],"wp:attachment":[{"href":"https:\/\/ttiops.org\/es\/wp-json\/wp\/v2\/media?parent=275"}],"curies":[{"name":"wp","href":"https:\/\/api.w.org\/{rel}","templated":true}]}}