{"id":56,"date":"2020-11-17T16:01:26","date_gmt":"2020-11-17T16:01:26","guid":{"rendered":"https:\/\/ttiops.org\/?page_id=56"},"modified":"2020-12-02T21:14:21","modified_gmt":"2020-12-02T21:14:21","slug":"home","status":"publish","type":"page","link":"https:\/\/ttiops.org\/es\/","title":{"rendered":"HOME"},"content":{"rendered":"\n<figure class=\"wp-block-embed-youtube wp-block-embed is-type-video is-provider-youtube wp-embed-aspect-16-9 wp-has-aspect-ratio\"><div class=\"wp-block-embed__wrapper\">\n<iframe loading=\"lazy\" title=\"TTI OPS Cursos de Formacion\" width=\"500\" height=\"281\" src=\"https:\/\/www.youtube.com\/embed\/CV-CuubTrA4?feature=oembed\" frameborder=\"0\" allow=\"accelerometer; autoplay; clipboard-write; encrypted-media; gyroscope; picture-in-picture; web-share\" referrerpolicy=\"strict-origin-when-cross-origin\" allowfullscreen><\/iframe>\n<\/div><\/figure>\n\n\n\n<h1 class=\"has-text-color wp-block-heading\" style=\"color:#9a1611\">INSTITUTO DE ENTRENAMIENTO T\u00c1CTICO (TTI-OPS)<\/h1>\n\n\n\n<p>Fundada en 1997,&nbsp;<strong>TTI-OPS<\/strong>&nbsp;es una compa\u00f1\u00eda de consultor\u00eda de seguridad y nuestras \u00e1reas de trabajo comprenden a grandes rasgos:<\/p>\n\n\n\n<p><strong><u>Formaci\u00f3n<\/u><\/strong><\/p>\n\n\n\n<p>Estamos especializados en la capacitaci\u00f3n de personal de seguridad de muy alto nivel, colaborando con universidades, asociaciones profesionales y centros de formaci\u00f3n oficiales y privados, tanto en Espa\u00f1a,&nbsp;Brasil o M\u00e9xico, donde contamos con presencia permanente, como en otros pa\u00edses dentro de una Network de servicios de alta calidad.&nbsp;<br>Actualmente trabajamos en 21 pa\u00edses de Europa, \u00c1frica, Sudam\u00e9rica y Oriente Medio en la formaci\u00f3n de Unidades Especiales del ej\u00e9rcito y la polic\u00eda, empresas de seguridad privada y personal civil que, por diferentes razones, necesitan elevar su nivel de seguridad personal.<\/p>\n\n\n\n<p><strong><u>Consultor\u00eda de Seguridad<\/u><\/strong><\/p>\n\n\n\n<p>La dilatada experiencia de nuestro personal, todos con un m\u00ednimo de 10 a\u00f1os de experiencia en operaciones en zonas de alto riesgo, es nuestra garant\u00eda para abordar los m\u00e1s diversos y complejos problemas de seguridad. Actualmente centramos nuestra actividad en Europa, Am\u00e9rica del Sur y \u00c1frica, ofreciendo una r\u00e1pida respuesta a las necesidades de nuestros clientes.<\/p>\n\n\n\n<p><strong>TTI-OPS<\/strong>&nbsp;puede proporcionarle personal altamente cualificado en gesti\u00f3n y ejecuci\u00f3n de operaciones de inteligencia, seguridad industrial, proyectos de cooperaci\u00f3n y ayuda humanitaria, apoyados siempre con equipos t\u00e9cnicos de \u00faltima generaci\u00f3n.<\/p>\n\n\n\n<p><strong><u>Seguridad mar\u00edtima<\/u><\/strong><br>La seguridad mar\u00edtima fue desde la fundaci\u00f3n de&nbsp;<strong>TTI-OPS<\/strong>&nbsp;uno de sus campos de especializaci\u00f3n, participando en la creaci\u00f3n de protocolos de seguridad, tanto a bordo de buques como en su aplicaci\u00f3n en instalaciones portuarias en varios pa\u00edses.<\/p>\n\n\n\n<ul class=\"wp-block-list\"><li>Dise\u00f1o, desarrollo e implementaci\u00f3n del c\u00f3digo PBIP (ISPS code)<\/li><li>Dise\u00f1o y desarrollo de planes de protecci\u00f3n de instalaciones portuarias (PPIP)<\/li><li>Dise\u00f1o y desarrollo de planes de protecci\u00f3n de terminales y concesiones portuarias (PPIP)<\/li><li>Dise\u00f1o y desarrollo de planes de protecci\u00f3n de buques (PPB)<\/li><li>Asesoramiento en el \u00e1mbito de la protecci\u00f3n y la seguridad mar\u00edtimo-portuaria.<\/li><li>Operaciones anti-pirater\u00eda.<\/li><li>Formaci\u00f3n del oficial de protecci\u00f3n de buque (OPB)<\/li><li>Formaci\u00f3n del oficial de compa\u00f1\u00eda de protecci\u00f3n mar\u00edtima (OCPM)<\/li><li>Formaci\u00f3n del oficial de protecci\u00f3n de instalaciones portuarias (OPIP)<\/li><\/ul>\n\n\n\n<p><strong><u>Log\u00edstica<\/u><\/strong><\/p>\n\n\n\n<p>Ofrecemos los medios t\u00e9cnicos m\u00e1s adecuados para cada situaci\u00f3n, estudiando las capacidades y necesidades de las operaciones a desarrollar. Productos relacionados con la seguridad, como armamento, municiones, complementos (fundas, cargadores, chalecos anti-balas, visores\u2026). As\u00ed como todo tipo de sistemas de comunicaciones, sistemas de vigilancia, protecci\u00f3n e inteligencia.<\/p>\n\n\n\n<p>En Espa\u00f1a, desde 2003, contamos con autorizaci\u00f3n para la compra y venta de armas, municiones y&nbsp;piezas fundamentales por la Direcci\u00f3n General de la Guardia Civil.<\/p>\n","protected":false},"excerpt":{"rendered":"<p>INSTITUTO DE ENTRENAMIENTO T\u00c1CTICO (TTI-OPS) Fundada en 1997,&nbsp;TTI-OPS&nbsp;es una compa\u00f1\u00eda de consultor\u00eda de seguridad y nuestras \u00e1reas de trabajo comprenden a grandes rasgos: Formaci\u00f3n Estamos especializados en la capacitaci\u00f3n de personal de seguridad de muy alto nivel, colaborando con universidades, asociaciones profesionales y centros de formaci\u00f3n oficiales y privados, tanto en Espa\u00f1a,&nbsp;Brasil o M\u00e9xico, donde [&hellip;]<\/p>\n","protected":false},"author":1,"featured_media":0,"parent":0,"menu_order":4,"comment_status":"closed","ping_status":"closed","template":"","meta":{"footnotes":""},"class_list":["post-56","page","type-page","status-publish","hentry"],"yoast_head":"<!-- This site is optimized with the Yoast SEO plugin v24.9 - https:\/\/yoast.com\/wordpress\/plugins\/seo\/ -->\n<title>TTI-OPS | Tactical Training Institute<\/title>\n<meta name=\"robots\" content=\"index, follow, max-snippet:-1, max-image-preview:large, max-video-preview:-1\" \/>\n<link rel=\"canonical\" href=\"https:\/\/ttiops.org\/es\/\" \/>\n<meta property=\"og:locale\" content=\"es_ES\" \/>\n<meta property=\"og:type\" content=\"article\" \/>\n<meta property=\"og:title\" content=\"TTI-OPS | Tactical Training Institute\" \/>\n<meta property=\"og:description\" content=\"INSTITUTO DE ENTRENAMIENTO T\u00c1CTICO (TTI-OPS) Fundada en 1997,&nbsp;TTI-OPS&nbsp;es una compa\u00f1\u00eda de consultor\u00eda de seguridad y nuestras \u00e1reas de trabajo comprenden a grandes rasgos: Formaci\u00f3n Estamos especializados en la capacitaci\u00f3n de personal de seguridad de muy alto nivel, colaborando con universidades, asociaciones profesionales y centros de formaci\u00f3n oficiales y privados, tanto en Espa\u00f1a,&nbsp;Brasil o M\u00e9xico, donde [&hellip;]\" \/>\n<meta property=\"og:url\" content=\"https:\/\/ttiops.org\/es\/\" \/>\n<meta property=\"og:site_name\" content=\"TTI-OPS | Tactical Training Institute\" \/>\n<meta property=\"article:modified_time\" content=\"2020-12-02T21:14:21+00:00\" \/>\n<meta name=\"twitter:card\" content=\"summary_large_image\" \/>\n<meta name=\"twitter:label1\" content=\"Tiempo de lectura\" \/>\n\t<meta name=\"twitter:data1\" content=\"2 minutos\" \/>\n<script type=\"application\/ld+json\" class=\"yoast-schema-graph\">{\"@context\":\"https:\/\/schema.org\",\"@graph\":[{\"@type\":\"WebPage\",\"@id\":\"https:\/\/ttiops.org\/es\/\",\"url\":\"https:\/\/ttiops.org\/es\/\",\"name\":\"TTI-OPS | Tactical Training Institute\",\"isPartOf\":{\"@id\":\"https:\/\/ttiops.org\/pt-br\/#website\"},\"datePublished\":\"2020-11-17T16:01:26+00:00\",\"dateModified\":\"2020-12-02T21:14:21+00:00\",\"breadcrumb\":{\"@id\":\"https:\/\/ttiops.org\/es\/#breadcrumb\"},\"inLanguage\":\"es\",\"potentialAction\":[{\"@type\":\"ReadAction\",\"target\":[\"https:\/\/ttiops.org\/es\/\"]}]},{\"@type\":\"BreadcrumbList\",\"@id\":\"https:\/\/ttiops.org\/es\/#breadcrumb\",\"itemListElement\":[{\"@type\":\"ListItem\",\"position\":1,\"name\":\"Home\",\"item\":\"https:\/\/ttiops.org\/es\/\"},{\"@type\":\"ListItem\",\"position\":2,\"name\":\"HOME\"}]},{\"@type\":\"WebSite\",\"@id\":\"https:\/\/ttiops.org\/pt-br\/#website\",\"url\":\"https:\/\/ttiops.org\/pt-br\/\",\"name\":\"TTI-OPS | Tactical Training Institute\",\"description\":\"\",\"potentialAction\":[{\"@type\":\"SearchAction\",\"target\":{\"@type\":\"EntryPoint\",\"urlTemplate\":\"https:\/\/ttiops.org\/pt-br\/?s={search_term_string}\"},\"query-input\":{\"@type\":\"PropertyValueSpecification\",\"valueRequired\":true,\"valueName\":\"search_term_string\"}}],\"inLanguage\":\"es\"}]}<\/script>\n<!-- \/ Yoast SEO plugin. -->","yoast_head_json":{"title":"TTI-OPS | Tactical Training Institute","robots":{"index":"index","follow":"follow","max-snippet":"max-snippet:-1","max-image-preview":"max-image-preview:large","max-video-preview":"max-video-preview:-1"},"canonical":"https:\/\/ttiops.org\/es\/","og_locale":"es_ES","og_type":"article","og_title":"TTI-OPS | Tactical Training Institute","og_description":"INSTITUTO DE ENTRENAMIENTO T\u00c1CTICO (TTI-OPS) Fundada en 1997,&nbsp;TTI-OPS&nbsp;es una compa\u00f1\u00eda de consultor\u00eda de seguridad y nuestras \u00e1reas de trabajo comprenden a grandes rasgos: Formaci\u00f3n Estamos especializados en la capacitaci\u00f3n de personal de seguridad de muy alto nivel, colaborando con universidades, asociaciones profesionales y centros de formaci\u00f3n oficiales y privados, tanto en Espa\u00f1a,&nbsp;Brasil o M\u00e9xico, donde [&hellip;]","og_url":"https:\/\/ttiops.org\/es\/","og_site_name":"TTI-OPS | Tactical Training Institute","article_modified_time":"2020-12-02T21:14:21+00:00","twitter_card":"summary_large_image","twitter_misc":{"Tiempo de lectura":"2 minutos"},"schema":{"@context":"https:\/\/schema.org","@graph":[{"@type":"WebPage","@id":"https:\/\/ttiops.org\/es\/","url":"https:\/\/ttiops.org\/es\/","name":"TTI-OPS | Tactical Training Institute","isPartOf":{"@id":"https:\/\/ttiops.org\/pt-br\/#website"},"datePublished":"2020-11-17T16:01:26+00:00","dateModified":"2020-12-02T21:14:21+00:00","breadcrumb":{"@id":"https:\/\/ttiops.org\/es\/#breadcrumb"},"inLanguage":"es","potentialAction":[{"@type":"ReadAction","target":["https:\/\/ttiops.org\/es\/"]}]},{"@type":"BreadcrumbList","@id":"https:\/\/ttiops.org\/es\/#breadcrumb","itemListElement":[{"@type":"ListItem","position":1,"name":"Home","item":"https:\/\/ttiops.org\/es\/"},{"@type":"ListItem","position":2,"name":"HOME"}]},{"@type":"WebSite","@id":"https:\/\/ttiops.org\/pt-br\/#website","url":"https:\/\/ttiops.org\/pt-br\/","name":"TTI-OPS | Tactical Training Institute","description":"","potentialAction":[{"@type":"SearchAction","target":{"@type":"EntryPoint","urlTemplate":"https:\/\/ttiops.org\/pt-br\/?s={search_term_string}"},"query-input":{"@type":"PropertyValueSpecification","valueRequired":true,"valueName":"search_term_string"}}],"inLanguage":"es"}]}},"_links":{"self":[{"href":"https:\/\/ttiops.org\/es\/wp-json\/wp\/v2\/pages\/56","targetHints":{"allow":["GET"]}}],"collection":[{"href":"https:\/\/ttiops.org\/es\/wp-json\/wp\/v2\/pages"}],"about":[{"href":"https:\/\/ttiops.org\/es\/wp-json\/wp\/v2\/types\/page"}],"author":[{"embeddable":true,"href":"https:\/\/ttiops.org\/es\/wp-json\/wp\/v2\/users\/1"}],"replies":[{"embeddable":true,"href":"https:\/\/ttiops.org\/es\/wp-json\/wp\/v2\/comments?post=56"}],"version-history":[{"count":3,"href":"https:\/\/ttiops.org\/es\/wp-json\/wp\/v2\/pages\/56\/revisions"}],"predecessor-version":[{"id":463,"href":"https:\/\/ttiops.org\/es\/wp-json\/wp\/v2\/pages\/56\/revisions\/463"}],"wp:attachment":[{"href":"https:\/\/ttiops.org\/es\/wp-json\/wp\/v2\/media?parent=56"}],"curies":[{"name":"wp","href":"https:\/\/api.w.org\/{rel}","templated":true}]}}