{"id":269,"date":"2020-11-18T08:25:18","date_gmt":"2020-11-18T08:25:18","guid":{"rendered":"https:\/\/ttiops.org\/agreements\/"},"modified":"2020-12-02T19:49:20","modified_gmt":"2020-12-02T19:49:20","slug":"acordos","status":"publish","type":"page","link":"https:\/\/ttiops.org\/pt-br\/acordos\/","title":{"rendered":"Acordos"},"content":{"rendered":"\n<div class=\"wp-block-columns is-layout-flex wp-container-core-columns-is-layout-9d6595d7 wp-block-columns-is-layout-flex\">\n<div class=\"wp-block-column is-layout-flow wp-block-column-is-layout-flow\" style=\"flex-basis:10%\"><\/div>\n\n\n\n<div class=\"wp-block-column is-layout-flow wp-block-column-is-layout-flow\" style=\"flex-basis:80%\"><\/div>\n\n\n\n<div class=\"wp-block-column is-layout-flow wp-block-column-is-layout-flow\" style=\"flex-basis:10%\"><\/div>\n<\/div>\n\n\n\n<hr class=\"wp-block-separator\"\/>\n\n\n\n<div class=\"wp-block-group\"><div class=\"wp-block-group__inner-container is-layout-flow wp-block-group-is-layout-flow\">\n<div class=\"wp-block-columns is-layout-flex wp-container-core-columns-is-layout-9d6595d7 wp-block-columns-is-layout-flex\">\n<div class=\"wp-block-column is-layout-flow wp-block-column-is-layout-flow\">\n<h3 class=\"wp-block-heading\"><strong><strong>ACORDO DE COLABORA\u00c7\u00c3O COM REY JUAN CARLOS UNIVERSITY<\/strong><\/strong><\/h3>\n\n\n\n<p>O sucesso do primeiro curso de Especialista Universit\u00e1rio em &#8220;Armamento, Bal\u00edstica e T\u00e9cnicas de Tiro&#8221; marcou o in\u00edcio deste acordo de colabora\u00e7\u00e3o entre o TTI-OPS e a URJC.&nbsp;Nestes anos, trabalhando juntos, conseguimos promover estudos de alto n\u00edvel com uma oferta internacional.<\/p>\n\n\n\n<p><a href=\"http:\/\/www.urjc.es\/\">http:\/\/www.urjc.es\/<\/a><\/p>\n<\/div>\n\n\n\n<div class=\"wp-block-column is-layout-flow wp-block-column-is-layout-flow\">\n<h3 class=\"wp-block-heading\"><strong><strong>ACORDO DE COLABORA\u00c7\u00c3O COM A UNIVERSIDADE CAMILO JOS\u00c9 CELA<\/strong><\/strong><\/h3>\n\n\n\n<p>O acordo-quadro de colabora\u00e7\u00e3o entre o Instituto de Forma\u00e7\u00e3o T\u00e1ctica (TTI-OPS) e a Universidade Camilo Jos\u00e9 Cela permitiu o desenvolvimento de in\u00fameras a\u00e7\u00f5es de forma\u00e7\u00e3o e programas de I&amp;D.<\/p>\n\n\n\n<p>As \u00e1reas de atua\u00e7\u00e3o situam-se nos ramos da criminologia, estudos de investiga\u00e7\u00e3o, log\u00edstica e estudos de seguran\u00e7a mar\u00edtima.<\/p>\n<\/div>\n<\/div>\n\n\n\n<div class=\"wp-block-columns is-layout-flex wp-container-core-columns-is-layout-9d6595d7 wp-block-columns-is-layout-flex\">\n<div class=\"wp-block-column is-layout-flow wp-block-column-is-layout-flow\">\n<h3 class=\"wp-block-heading\"><strong>COLLABORATION AGREEMENT WITH ARES<\/strong><\/h3>\n\n\n\n<p>Acordo de colabora\u00e7\u00e3o entre a Associa\u00e7\u00e3o de Reservistas Espanh\u00f3is (ARES) e o Instituto de Forma\u00e7\u00e3o T\u00e1tica (TTI)<\/p>\n\n\n\n<p>Os membros da associa\u00e7\u00e3o ARES ter\u00e3o descontos em cursos, al\u00e9m de poderem participar de atividades exclusivas para os Associados.<\/p>\n\n\n\n<p><a href=\"http:\/\/www.ares-resvol.es\/\">http:\/\/www.ares-resvol.es\/<\/a><\/p>\n<\/div>\n\n\n\n<div class=\"wp-block-column is-layout-flow wp-block-column-is-layout-flow\">\n<h3 class=\"wp-block-heading\"><strong><strong>ACORDO DE COLABORA\u00c7\u00c3O COM IPA<\/strong><\/strong><\/h3>\n\n\n\n<p>Collaboration agreement between the TACTICAL TRAINING INSTITUTE and the IPA association (INTERNATIONAL POLICE ASOCIATION), by which IPA affiliates have numerous advantages to carry out the courses we offer.<\/p>\n\n\n\n<p><a href=\"http:\/\/www.ipaespana.org\/\">www.ipaespana.org<\/a><\/p>\n<\/div>\n<\/div>\n\n\n\n<div class=\"wp-block-columns is-layout-flex wp-container-core-columns-is-layout-9d6595d7 wp-block-columns-is-layout-flex\">\n<div class=\"wp-block-column is-layout-flow wp-block-column-is-layout-flow\">\n<h3 class=\"wp-block-heading\"><strong><strong>ACORDO DE TREINAMENTO COM FMTO<\/strong><\/strong><\/h3>\n\n\n\n<p>O Instituto de Forma\u00e7\u00e3o T\u00e1tica, no \u00e2mbito de conv\u00e9nios com outras institui\u00e7\u00f5es, assinou um acordo de coopera\u00e7\u00e3o em mat\u00e9ria de forma\u00e7\u00e3o com a Federa\u00e7\u00e3o Ol\u00edmpica de Tiro de Madrid.<\/p>\n\n\n\n<p>No \u00e2mbito deste conv\u00eanio, diversas atividades de treinamento foram realizadas at\u00e9 o momento, tais como: Cursos de Instrutor de Tiro com Armas Curtas, Curso Universit\u00e1rio de Especializa\u00e7\u00e3o em Armas, Bal\u00edstica e Esportes e Tiro Profissional, al\u00e9m do processo de treinamento interno do Instituto de Treinamento T\u00e1tico em que durante duas semanas instrutores vindos de diferentes partes da Espanha foram treinados para ministrar cursos em diferentes modalidades de tiro.<\/p>\n<\/div>\n\n\n\n<div class=\"wp-block-column is-layout-flow wp-block-column-is-layout-flow\">\n<h3 class=\"wp-block-heading\"><strong><strong>ACORDO ENTRE A TTI-OPS E A WORLD MANAGEMENT CONSULTING LTD.<\/strong><\/strong><\/h3>\n\n\n\n<p>TTI-OPS&nbsp;&nbsp;e empresa francesa, com delega\u00e7\u00e3o no Reino Unido, WCM ltd.&nbsp;chegaram a um acordo de colabora\u00e7\u00e3o em treinamento e servi\u00e7os de seguran\u00e7a global.&nbsp;Espera-se, assim, oferecer aos clientes das duas empresas novos servi\u00e7os de seguran\u00e7a e intelig\u00eancia na gest\u00e3o de riscos.&nbsp;Ambas as empresas tamb\u00e9m poder\u00e3o expandir sua influ\u00eancia geogr\u00e1fica adicionando pa\u00edses onde sua presen\u00e7a ser\u00e1 permanente.<\/p>\n\n\n\n<p><a href=\"http:\/\/www.world-management-consulting.com\/\">http:\/\/www.world-management-consulting.com\/<\/a><\/p>\n\n\n\n<p><\/p>\n<\/div>\n<\/div>\n\n\n\n<p><\/p>\n<\/div><\/div>\n\n\n\n<hr class=\"wp-block-separator\"\/>\n\n\n\n<div style=\"height:100px\" aria-hidden=\"true\" class=\"wp-block-spacer\"><\/div>\n\n\n\n<figure class=\"wp-block-image size-full\"><img loading=\"lazy\" decoding=\"async\" width=\"1218\" height=\"106\" src=\"https:\/\/ttiops.org\/wp-content\/uploads\/2020\/11\/Cita_colab.png\" alt=\"\" class=\"wp-image-112\" srcset=\"https:\/\/ttiops.org\/wp-content\/uploads\/2020\/11\/Cita_colab.png 1218w, https:\/\/ttiops.org\/wp-content\/uploads\/2020\/11\/Cita_colab-300x26.png 300w, https:\/\/ttiops.org\/wp-content\/uploads\/2020\/11\/Cita_colab-1024x89.png 1024w, https:\/\/ttiops.org\/wp-content\/uploads\/2020\/11\/Cita_colab-768x67.png 768w\" sizes=\"auto, (max-width: 1218px) 100vw, 1218px\" \/><\/figure>\n\n\n\n<div style=\"height:100px\" aria-hidden=\"true\" class=\"wp-block-spacer\"><\/div>\n","protected":false},"excerpt":{"rendered":"<p>ACORDO DE COLABORA\u00c7\u00c3O COM REY JUAN CARLOS UNIVERSITY O sucesso do primeiro curso de Especialista Universit\u00e1rio em &#8220;Armamento, Bal\u00edstica e T\u00e9cnicas de Tiro&#8221; marcou o in\u00edcio deste acordo de colabora\u00e7\u00e3o entre o TTI-OPS e a URJC.&nbsp;Nestes anos, trabalhando juntos, conseguimos promover estudos de alto n\u00edvel com uma oferta internacional. http:\/\/www.urjc.es\/ ACORDO DE COLABORA\u00c7\u00c3O COM A [&hellip;]<\/p>\n","protected":false},"author":1,"featured_media":91,"parent":0,"menu_order":6,"comment_status":"closed","ping_status":"closed","template":"","meta":{"footnotes":""},"class_list":["post-269","page","type-page","status-publish","hentry"],"yoast_head":"<!-- This site is optimized with the Yoast SEO plugin v24.9 - https:\/\/yoast.com\/wordpress\/plugins\/seo\/ -->\n<title>Acordos - TTI-OPS | Tactical Training Institute<\/title>\n<meta name=\"robots\" content=\"index, follow, max-snippet:-1, max-image-preview:large, max-video-preview:-1\" \/>\n<link rel=\"canonical\" href=\"https:\/\/ttiops.org\/pt-br\/acordos\/\" \/>\n<meta property=\"og:locale\" content=\"pt_BR\" \/>\n<meta property=\"og:type\" content=\"article\" \/>\n<meta property=\"og:title\" content=\"Acordos - TTI-OPS | Tactical Training Institute\" \/>\n<meta property=\"og:description\" content=\"ACORDO DE COLABORA\u00c7\u00c3O COM REY JUAN CARLOS UNIVERSITY O sucesso do primeiro curso de Especialista Universit\u00e1rio em &#8220;Armamento, Bal\u00edstica e T\u00e9cnicas de Tiro&#8221; marcou o in\u00edcio deste acordo de colabora\u00e7\u00e3o entre o TTI-OPS e a URJC.&nbsp;Nestes anos, trabalhando juntos, conseguimos promover estudos de alto n\u00edvel com uma oferta internacional. http:\/\/www.urjc.es\/ ACORDO DE COLABORA\u00c7\u00c3O COM A [&hellip;]\" \/>\n<meta property=\"og:url\" content=\"https:\/\/ttiops.org\/pt-br\/acordos\/\" \/>\n<meta property=\"og:site_name\" content=\"TTI-OPS | Tactical Training Institute\" \/>\n<meta property=\"article:modified_time\" content=\"2020-12-02T19:49:20+00:00\" \/>\n<meta property=\"og:image\" content=\"https:\/\/ttiops.org\/wp-content\/uploads\/2020\/11\/Header_colab-1.jpg\" \/>\n\t<meta property=\"og:image:width\" content=\"1220\" \/>\n\t<meta property=\"og:image:height\" content=\"276\" \/>\n\t<meta property=\"og:image:type\" content=\"image\/jpeg\" \/>\n<meta name=\"twitter:card\" content=\"summary_large_image\" \/>\n<meta name=\"twitter:label1\" content=\"Est. tempo de leitura\" \/>\n\t<meta name=\"twitter:data1\" content=\"2 minutos\" \/>\n<script type=\"application\/ld+json\" class=\"yoast-schema-graph\">{\"@context\":\"https:\/\/schema.org\",\"@graph\":[{\"@type\":\"WebPage\",\"@id\":\"https:\/\/ttiops.org\/pt-br\/acordos\/\",\"url\":\"https:\/\/ttiops.org\/pt-br\/acordos\/\",\"name\":\"Acordos - TTI-OPS | Tactical Training Institute\",\"isPartOf\":{\"@id\":\"https:\/\/ttiops.org\/pt-br\/#website\"},\"primaryImageOfPage\":{\"@id\":\"https:\/\/ttiops.org\/pt-br\/acordos\/#primaryimage\"},\"image\":{\"@id\":\"https:\/\/ttiops.org\/pt-br\/acordos\/#primaryimage\"},\"thumbnailUrl\":\"https:\/\/ttiops.org\/wp-content\/uploads\/2020\/11\/Header_colab-1.jpg\",\"datePublished\":\"2020-11-18T08:25:18+00:00\",\"dateModified\":\"2020-12-02T19:49:20+00:00\",\"breadcrumb\":{\"@id\":\"https:\/\/ttiops.org\/pt-br\/acordos\/#breadcrumb\"},\"inLanguage\":\"pt-BR\",\"potentialAction\":[{\"@type\":\"ReadAction\",\"target\":[\"https:\/\/ttiops.org\/pt-br\/acordos\/\"]}]},{\"@type\":\"ImageObject\",\"inLanguage\":\"pt-BR\",\"@id\":\"https:\/\/ttiops.org\/pt-br\/acordos\/#primaryimage\",\"url\":\"https:\/\/ttiops.org\/wp-content\/uploads\/2020\/11\/Header_colab-1.jpg\",\"contentUrl\":\"https:\/\/ttiops.org\/wp-content\/uploads\/2020\/11\/Header_colab-1.jpg\",\"width\":1220,\"height\":276},{\"@type\":\"BreadcrumbList\",\"@id\":\"https:\/\/ttiops.org\/pt-br\/acordos\/#breadcrumb\",\"itemListElement\":[{\"@type\":\"ListItem\",\"position\":1,\"name\":\"Home\",\"item\":\"https:\/\/ttiops.org\/pt-br\/\"},{\"@type\":\"ListItem\",\"position\":2,\"name\":\"Acordos\"}]},{\"@type\":\"WebSite\",\"@id\":\"https:\/\/ttiops.org\/pt-br\/#website\",\"url\":\"https:\/\/ttiops.org\/pt-br\/\",\"name\":\"TTI-OPS | Tactical Training Institute\",\"description\":\"\",\"potentialAction\":[{\"@type\":\"SearchAction\",\"target\":{\"@type\":\"EntryPoint\",\"urlTemplate\":\"https:\/\/ttiops.org\/pt-br\/?s={search_term_string}\"},\"query-input\":{\"@type\":\"PropertyValueSpecification\",\"valueRequired\":true,\"valueName\":\"search_term_string\"}}],\"inLanguage\":\"pt-BR\"}]}<\/script>\n<!-- \/ Yoast SEO plugin. -->","yoast_head_json":{"title":"Acordos - TTI-OPS | Tactical Training Institute","robots":{"index":"index","follow":"follow","max-snippet":"max-snippet:-1","max-image-preview":"max-image-preview:large","max-video-preview":"max-video-preview:-1"},"canonical":"https:\/\/ttiops.org\/pt-br\/acordos\/","og_locale":"pt_BR","og_type":"article","og_title":"Acordos - TTI-OPS | Tactical Training Institute","og_description":"ACORDO DE COLABORA\u00c7\u00c3O COM REY JUAN CARLOS UNIVERSITY O sucesso do primeiro curso de Especialista Universit\u00e1rio em &#8220;Armamento, Bal\u00edstica e T\u00e9cnicas de Tiro&#8221; marcou o in\u00edcio deste acordo de colabora\u00e7\u00e3o entre o TTI-OPS e a URJC.&nbsp;Nestes anos, trabalhando juntos, conseguimos promover estudos de alto n\u00edvel com uma oferta internacional. http:\/\/www.urjc.es\/ ACORDO DE COLABORA\u00c7\u00c3O COM A [&hellip;]","og_url":"https:\/\/ttiops.org\/pt-br\/acordos\/","og_site_name":"TTI-OPS | Tactical Training Institute","article_modified_time":"2020-12-02T19:49:20+00:00","og_image":[{"width":1220,"height":276,"url":"https:\/\/ttiops.org\/wp-content\/uploads\/2020\/11\/Header_colab-1.jpg","type":"image\/jpeg"}],"twitter_card":"summary_large_image","twitter_misc":{"Est. tempo de leitura":"2 minutos"},"schema":{"@context":"https:\/\/schema.org","@graph":[{"@type":"WebPage","@id":"https:\/\/ttiops.org\/pt-br\/acordos\/","url":"https:\/\/ttiops.org\/pt-br\/acordos\/","name":"Acordos - TTI-OPS | Tactical Training Institute","isPartOf":{"@id":"https:\/\/ttiops.org\/pt-br\/#website"},"primaryImageOfPage":{"@id":"https:\/\/ttiops.org\/pt-br\/acordos\/#primaryimage"},"image":{"@id":"https:\/\/ttiops.org\/pt-br\/acordos\/#primaryimage"},"thumbnailUrl":"https:\/\/ttiops.org\/wp-content\/uploads\/2020\/11\/Header_colab-1.jpg","datePublished":"2020-11-18T08:25:18+00:00","dateModified":"2020-12-02T19:49:20+00:00","breadcrumb":{"@id":"https:\/\/ttiops.org\/pt-br\/acordos\/#breadcrumb"},"inLanguage":"pt-BR","potentialAction":[{"@type":"ReadAction","target":["https:\/\/ttiops.org\/pt-br\/acordos\/"]}]},{"@type":"ImageObject","inLanguage":"pt-BR","@id":"https:\/\/ttiops.org\/pt-br\/acordos\/#primaryimage","url":"https:\/\/ttiops.org\/wp-content\/uploads\/2020\/11\/Header_colab-1.jpg","contentUrl":"https:\/\/ttiops.org\/wp-content\/uploads\/2020\/11\/Header_colab-1.jpg","width":1220,"height":276},{"@type":"BreadcrumbList","@id":"https:\/\/ttiops.org\/pt-br\/acordos\/#breadcrumb","itemListElement":[{"@type":"ListItem","position":1,"name":"Home","item":"https:\/\/ttiops.org\/pt-br\/"},{"@type":"ListItem","position":2,"name":"Acordos"}]},{"@type":"WebSite","@id":"https:\/\/ttiops.org\/pt-br\/#website","url":"https:\/\/ttiops.org\/pt-br\/","name":"TTI-OPS | Tactical Training Institute","description":"","potentialAction":[{"@type":"SearchAction","target":{"@type":"EntryPoint","urlTemplate":"https:\/\/ttiops.org\/pt-br\/?s={search_term_string}"},"query-input":{"@type":"PropertyValueSpecification","valueRequired":true,"valueName":"search_term_string"}}],"inLanguage":"pt-BR"}]}},"_links":{"self":[{"href":"https:\/\/ttiops.org\/pt-br\/wp-json\/wp\/v2\/pages\/269","targetHints":{"allow":["GET"]}}],"collection":[{"href":"https:\/\/ttiops.org\/pt-br\/wp-json\/wp\/v2\/pages"}],"about":[{"href":"https:\/\/ttiops.org\/pt-br\/wp-json\/wp\/v2\/types\/page"}],"author":[{"embeddable":true,"href":"https:\/\/ttiops.org\/pt-br\/wp-json\/wp\/v2\/users\/1"}],"replies":[{"embeddable":true,"href":"https:\/\/ttiops.org\/pt-br\/wp-json\/wp\/v2\/comments?post=269"}],"version-history":[{"count":3,"href":"https:\/\/ttiops.org\/pt-br\/wp-json\/wp\/v2\/pages\/269\/revisions"}],"predecessor-version":[{"id":465,"href":"https:\/\/ttiops.org\/pt-br\/wp-json\/wp\/v2\/pages\/269\/revisions\/465"}],"wp:featuredmedia":[{"embeddable":true,"href":"https:\/\/ttiops.org\/pt-br\/wp-json\/wp\/v2\/media\/91"}],"wp:attachment":[{"href":"https:\/\/ttiops.org\/pt-br\/wp-json\/wp\/v2\/media?parent=269"}],"curies":[{"name":"wp","href":"https:\/\/api.w.org\/{rel}","templated":true}]}}