{"id":274,"date":"2020-11-18T09:47:23","date_gmt":"2020-11-18T09:47:23","guid":{"rendered":"https:\/\/ttiops.org\/instructors\/"},"modified":"2020-11-18T23:53:09","modified_gmt":"2020-11-18T23:53:09","slug":"instrutores","status":"publish","type":"page","link":"https:\/\/ttiops.org\/pt-br\/instrutores\/","title":{"rendered":"Instrutores"},"content":{"rendered":"\n<div class=\"wp-block-image\"><figure class=\"aligncenter size-full\"><img loading=\"lazy\" decoding=\"async\" width=\"600\" height=\"172\" src=\"https:\/\/ttiops.org\/wp-content\/uploads\/2020\/11\/Instructores.png\" alt=\"\" class=\"wp-image-123\" srcset=\"https:\/\/ttiops.org\/wp-content\/uploads\/2020\/11\/Instructores.png 600w, https:\/\/ttiops.org\/wp-content\/uploads\/2020\/11\/Instructores-300x86.png 300w\" sizes=\"auto, (max-width: 600px) 100vw, 600px\" \/><\/figure><\/div>\n\n\n\n<p>Um bom treinamento salva vidas e resulta em maior efici\u00eancia em todas as miss\u00f5es.&nbsp;Por isso, a TTI-OPS se preocupa em treinar de forma eficaz e comprovada, qualidade que os clientes nos solicitam diante de uma forma\u00e7\u00e3o prec\u00e1ria por instrutores n\u00e3o qualificados, autodenominados ou sem experi\u00eancia real que colocam em risco a vida dos alunos. e seres humanos inocentes.<\/p>\n\n\n\n<p>Na TTI-OPS valorizamos em nossos instrutores, al\u00e9m de todas as suas habilidades de ensino, a experi\u00eancia real.&nbsp;Por este motivo, todos os nossos instrutores possuem no m\u00ednimo 10 anos de experi\u00eancia nas For\u00e7as Especiais do Ex\u00e9rcito, na Pol\u00edcia ou atuaram como contratados em \u00e1reas de alto risco.<\/p>\n\n\n\n<p>A capacidade docente como requisito fundamental nos torna uma academia pela qual passaram mais de 25.000 alunos, desde civis, jornalistas a policiais, militares e grupos de opera\u00e7\u00f5es especiais de diversos pa\u00edses.<\/p>\n\n\n\n<p>Nossos instrutores com at\u00e9 20 anos de treinamento possuem a experi\u00eancia e o conhecimento adequados para cada tipo de aluno.<br>A real experi\u00eancia de combate de nossos instrutores, sua participa\u00e7\u00e3o em opera\u00e7\u00f5es do Afeganist\u00e3o \u00e0s favelas do Rio de Janeiro, endossam as t\u00e9cnicas e procedimentos ensinados e testados em situa\u00e7\u00f5es reais e de alto risco.<\/p>\n\n\n\n<p>Os instrutores do TTI-OPS t\u00eam ampla experi\u00eancia no treinamento de for\u00e7as e seguran\u00e7a do Estado, bem como de pessoal de seguran\u00e7a privada e indiv\u00edduos, reconhecidos por diferentes organiza\u00e7\u00f5es em v\u00e1rios pa\u00edses da Am\u00e9rica e da Europa.<\/p>\n\n\n\n<p>Todos os nossos instrutores ainda est\u00e3o ativos e realizando opera\u00e7\u00f5es de seguran\u00e7a.&nbsp;Por isso cuidamos do anonimato deles, da mesma forma que cuidamos do anonimato de nossos alunos.&nbsp;A seriedade, profissionalismo e \u00e9tica de nossos instrutores, assim como da organiza\u00e7\u00e3o, s\u00e3o fundamentais.<\/p>\n\n\n\n<p>Desde a sua funda\u00e7\u00e3o em 1998, a TTI-OPS criou uma rede de profissionais que partilham as suas experi\u00eancias e valores, testam e criam t\u00e9cnicas instrucionais e de interven\u00e7\u00e3o perfeitamente adaptadas \u00e0s situa\u00e7\u00f5es jur\u00eddicas e sociais de cada pa\u00eds onde trabalhamos.<\/p>\n\n\n\n<div style=\"height:32px\" aria-hidden=\"true\" class=\"wp-block-spacer\"><\/div>\n\n\n\n<div class=\"wp-block-image\"><figure class=\"aligncenter size-full\"><img loading=\"lazy\" decoding=\"async\" width=\"400\" height=\"89\" src=\"https:\/\/ttiops.org\/wp-content\/uploads\/2020\/11\/TTI-instructores-img-LC.jpg\" alt=\"\" class=\"wp-image-128\" srcset=\"https:\/\/ttiops.org\/wp-content\/uploads\/2020\/11\/TTI-instructores-img-LC.jpg 400w, https:\/\/ttiops.org\/wp-content\/uploads\/2020\/11\/TTI-instructores-img-LC-300x67.jpg 300w\" sizes=\"auto, (max-width: 400px) 100vw, 400px\" \/><\/figure><\/div>\n","protected":false},"excerpt":{"rendered":"<p>Um bom treinamento salva vidas e resulta em maior efici\u00eancia em todas as miss\u00f5es.&nbsp;Por isso, a TTI-OPS se preocupa em treinar de forma eficaz e comprovada, qualidade que os clientes nos solicitam diante de uma forma\u00e7\u00e3o prec\u00e1ria por instrutores n\u00e3o qualificados, autodenominados ou sem experi\u00eancia real que colocam em risco a vida dos alunos. e [&hellip;]<\/p>\n","protected":false},"author":1,"featured_media":0,"parent":0,"menu_order":14,"comment_status":"closed","ping_status":"closed","template":"","meta":{"footnotes":""},"class_list":["post-274","page","type-page","status-publish","hentry"],"yoast_head":"<!-- This site is optimized with the Yoast SEO plugin v24.9 - https:\/\/yoast.com\/wordpress\/plugins\/seo\/ -->\n<title>Instrutores - TTI-OPS | Tactical Training Institute<\/title>\n<meta name=\"robots\" content=\"index, follow, max-snippet:-1, max-image-preview:large, max-video-preview:-1\" \/>\n<link rel=\"canonical\" href=\"https:\/\/ttiops.org\/pt-br\/instrutores\/\" \/>\n<meta property=\"og:locale\" content=\"pt_BR\" \/>\n<meta property=\"og:type\" content=\"article\" \/>\n<meta property=\"og:title\" content=\"Instrutores - TTI-OPS | Tactical Training Institute\" \/>\n<meta property=\"og:description\" content=\"Um bom treinamento salva vidas e resulta em maior efici\u00eancia em todas as miss\u00f5es.&nbsp;Por isso, a TTI-OPS se preocupa em treinar de forma eficaz e comprovada, qualidade que os clientes nos solicitam diante de uma forma\u00e7\u00e3o prec\u00e1ria por instrutores n\u00e3o qualificados, autodenominados ou sem experi\u00eancia real que colocam em risco a vida dos alunos. e [&hellip;]\" \/>\n<meta property=\"og:url\" content=\"https:\/\/ttiops.org\/pt-br\/instrutores\/\" \/>\n<meta property=\"og:site_name\" content=\"TTI-OPS | Tactical Training Institute\" \/>\n<meta property=\"article:modified_time\" content=\"2020-11-18T23:53:09+00:00\" \/>\n<meta property=\"og:image\" content=\"https:\/\/ttiops.org\/wp-content\/uploads\/2020\/11\/Instructores.png\" \/>\n\t<meta property=\"og:image:width\" content=\"600\" \/>\n\t<meta property=\"og:image:height\" content=\"172\" \/>\n\t<meta property=\"og:image:type\" content=\"image\/png\" \/>\n<meta name=\"twitter:card\" content=\"summary_large_image\" \/>\n<meta name=\"twitter:label1\" content=\"Est. tempo de leitura\" \/>\n\t<meta name=\"twitter:data1\" content=\"2 minutos\" \/>\n<script type=\"application\/ld+json\" class=\"yoast-schema-graph\">{\"@context\":\"https:\/\/schema.org\",\"@graph\":[{\"@type\":\"WebPage\",\"@id\":\"https:\/\/ttiops.org\/pt-br\/instrutores\/\",\"url\":\"https:\/\/ttiops.org\/pt-br\/instrutores\/\",\"name\":\"Instrutores - TTI-OPS | Tactical Training Institute\",\"isPartOf\":{\"@id\":\"https:\/\/ttiops.org\/pt-br\/#website\"},\"primaryImageOfPage\":{\"@id\":\"https:\/\/ttiops.org\/pt-br\/instrutores\/#primaryimage\"},\"image\":{\"@id\":\"https:\/\/ttiops.org\/pt-br\/instrutores\/#primaryimage\"},\"thumbnailUrl\":\"https:\/\/ttiops.org\/wp-content\/uploads\/2020\/11\/Instructores.png\",\"datePublished\":\"2020-11-18T09:47:23+00:00\",\"dateModified\":\"2020-11-18T23:53:09+00:00\",\"breadcrumb\":{\"@id\":\"https:\/\/ttiops.org\/pt-br\/instrutores\/#breadcrumb\"},\"inLanguage\":\"pt-BR\",\"potentialAction\":[{\"@type\":\"ReadAction\",\"target\":[\"https:\/\/ttiops.org\/pt-br\/instrutores\/\"]}]},{\"@type\":\"ImageObject\",\"inLanguage\":\"pt-BR\",\"@id\":\"https:\/\/ttiops.org\/pt-br\/instrutores\/#primaryimage\",\"url\":\"https:\/\/ttiops.org\/wp-content\/uploads\/2020\/11\/Instructores.png\",\"contentUrl\":\"https:\/\/ttiops.org\/wp-content\/uploads\/2020\/11\/Instructores.png\"},{\"@type\":\"BreadcrumbList\",\"@id\":\"https:\/\/ttiops.org\/pt-br\/instrutores\/#breadcrumb\",\"itemListElement\":[{\"@type\":\"ListItem\",\"position\":1,\"name\":\"Home\",\"item\":\"https:\/\/ttiops.org\/pt-br\/\"},{\"@type\":\"ListItem\",\"position\":2,\"name\":\"Instrutores\"}]},{\"@type\":\"WebSite\",\"@id\":\"https:\/\/ttiops.org\/pt-br\/#website\",\"url\":\"https:\/\/ttiops.org\/pt-br\/\",\"name\":\"TTI-OPS | Tactical Training Institute\",\"description\":\"\",\"potentialAction\":[{\"@type\":\"SearchAction\",\"target\":{\"@type\":\"EntryPoint\",\"urlTemplate\":\"https:\/\/ttiops.org\/pt-br\/?s={search_term_string}\"},\"query-input\":{\"@type\":\"PropertyValueSpecification\",\"valueRequired\":true,\"valueName\":\"search_term_string\"}}],\"inLanguage\":\"pt-BR\"}]}<\/script>\n<!-- \/ Yoast SEO plugin. -->","yoast_head_json":{"title":"Instrutores - TTI-OPS | Tactical Training Institute","robots":{"index":"index","follow":"follow","max-snippet":"max-snippet:-1","max-image-preview":"max-image-preview:large","max-video-preview":"max-video-preview:-1"},"canonical":"https:\/\/ttiops.org\/pt-br\/instrutores\/","og_locale":"pt_BR","og_type":"article","og_title":"Instrutores - TTI-OPS | Tactical Training Institute","og_description":"Um bom treinamento salva vidas e resulta em maior efici\u00eancia em todas as miss\u00f5es.&nbsp;Por isso, a TTI-OPS se preocupa em treinar de forma eficaz e comprovada, qualidade que os clientes nos solicitam diante de uma forma\u00e7\u00e3o prec\u00e1ria por instrutores n\u00e3o qualificados, autodenominados ou sem experi\u00eancia real que colocam em risco a vida dos alunos. e [&hellip;]","og_url":"https:\/\/ttiops.org\/pt-br\/instrutores\/","og_site_name":"TTI-OPS | Tactical Training Institute","article_modified_time":"2020-11-18T23:53:09+00:00","og_image":[{"width":600,"height":172,"url":"https:\/\/ttiops.org\/wp-content\/uploads\/2020\/11\/Instructores.png","type":"image\/png"}],"twitter_card":"summary_large_image","twitter_misc":{"Est. tempo de leitura":"2 minutos"},"schema":{"@context":"https:\/\/schema.org","@graph":[{"@type":"WebPage","@id":"https:\/\/ttiops.org\/pt-br\/instrutores\/","url":"https:\/\/ttiops.org\/pt-br\/instrutores\/","name":"Instrutores - TTI-OPS | Tactical Training Institute","isPartOf":{"@id":"https:\/\/ttiops.org\/pt-br\/#website"},"primaryImageOfPage":{"@id":"https:\/\/ttiops.org\/pt-br\/instrutores\/#primaryimage"},"image":{"@id":"https:\/\/ttiops.org\/pt-br\/instrutores\/#primaryimage"},"thumbnailUrl":"https:\/\/ttiops.org\/wp-content\/uploads\/2020\/11\/Instructores.png","datePublished":"2020-11-18T09:47:23+00:00","dateModified":"2020-11-18T23:53:09+00:00","breadcrumb":{"@id":"https:\/\/ttiops.org\/pt-br\/instrutores\/#breadcrumb"},"inLanguage":"pt-BR","potentialAction":[{"@type":"ReadAction","target":["https:\/\/ttiops.org\/pt-br\/instrutores\/"]}]},{"@type":"ImageObject","inLanguage":"pt-BR","@id":"https:\/\/ttiops.org\/pt-br\/instrutores\/#primaryimage","url":"https:\/\/ttiops.org\/wp-content\/uploads\/2020\/11\/Instructores.png","contentUrl":"https:\/\/ttiops.org\/wp-content\/uploads\/2020\/11\/Instructores.png"},{"@type":"BreadcrumbList","@id":"https:\/\/ttiops.org\/pt-br\/instrutores\/#breadcrumb","itemListElement":[{"@type":"ListItem","position":1,"name":"Home","item":"https:\/\/ttiops.org\/pt-br\/"},{"@type":"ListItem","position":2,"name":"Instrutores"}]},{"@type":"WebSite","@id":"https:\/\/ttiops.org\/pt-br\/#website","url":"https:\/\/ttiops.org\/pt-br\/","name":"TTI-OPS | Tactical Training Institute","description":"","potentialAction":[{"@type":"SearchAction","target":{"@type":"EntryPoint","urlTemplate":"https:\/\/ttiops.org\/pt-br\/?s={search_term_string}"},"query-input":{"@type":"PropertyValueSpecification","valueRequired":true,"valueName":"search_term_string"}}],"inLanguage":"pt-BR"}]}},"_links":{"self":[{"href":"https:\/\/ttiops.org\/pt-br\/wp-json\/wp\/v2\/pages\/274","targetHints":{"allow":["GET"]}}],"collection":[{"href":"https:\/\/ttiops.org\/pt-br\/wp-json\/wp\/v2\/pages"}],"about":[{"href":"https:\/\/ttiops.org\/pt-br\/wp-json\/wp\/v2\/types\/page"}],"author":[{"embeddable":true,"href":"https:\/\/ttiops.org\/pt-br\/wp-json\/wp\/v2\/users\/1"}],"replies":[{"embeddable":true,"href":"https:\/\/ttiops.org\/pt-br\/wp-json\/wp\/v2\/comments?post=274"}],"version-history":[{"count":1,"href":"https:\/\/ttiops.org\/pt-br\/wp-json\/wp\/v2\/pages\/274\/revisions"}],"predecessor-version":[{"id":277,"href":"https:\/\/ttiops.org\/pt-br\/wp-json\/wp\/v2\/pages\/274\/revisions\/277"}],"wp:attachment":[{"href":"https:\/\/ttiops.org\/pt-br\/wp-json\/wp\/v2\/media?parent=274"}],"curies":[{"name":"wp","href":"https:\/\/api.w.org\/{rel}","templated":true}]}}