{"id":282,"date":"2020-11-18T21:33:49","date_gmt":"2020-11-18T21:33:49","guid":{"rendered":"https:\/\/ttiops.org\/courses-and-training\/"},"modified":"2020-11-18T23:57:46","modified_gmt":"2020-11-18T23:57:46","slug":"cursos-e-treinamentos","status":"publish","type":"page","link":"https:\/\/ttiops.org\/pt-br\/cursos-e-treinamentos\/","title":{"rendered":"Cursos e treinamentos"},"content":{"rendered":"\n<div class=\"wp-block-image\"><figure class=\"aligncenter size-full\"><img loading=\"lazy\" decoding=\"async\" width=\"600\" height=\"255\" src=\"https:\/\/ttiops.org\/wp-content\/uploads\/2020\/11\/Esto-no-es-un-juego-top-600-x.png\" alt=\"\" class=\"wp-image-170\" srcset=\"https:\/\/ttiops.org\/wp-content\/uploads\/2020\/11\/Esto-no-es-un-juego-top-600-x.png 600w, https:\/\/ttiops.org\/wp-content\/uploads\/2020\/11\/Esto-no-es-un-juego-top-600-x-300x128.png 300w\" sizes=\"auto, (max-width: 600px) 100vw, 600px\" \/><\/figure><\/div>\n\n\n\n<hr class=\"wp-block-separator\"\/>\n\n\n\n<p>O Tactical Training Institute \u00e9 uma empresa especializada na forma\u00e7\u00e3o de pessoal de seguran\u00e7a de alto n\u00edvel, colaborando com diversas universidades, associa\u00e7\u00f5es profissionais, centros de forma\u00e7\u00e3o oficiais e privados, tanto em Espanha como no estrangeiro.&nbsp;Atualmente trabalhamos em 21 pa\u00edses na Europa, \u00c1frica, Am\u00e9rica do Sul e Oriente M\u00e9dio.&nbsp;Temos presen\u00e7a permanente na Espanha e no Brasil.&nbsp;<\/p>\n\n\n\n<p>Nossos instrutores com mais de 25 anos de experi\u00eancia na forma\u00e7\u00e3o do fator humano envolvido no trabalho de Prote\u00e7\u00e3o e Seguran\u00e7a, em entidades p\u00fablicas e privadas, atendem \u00e0s necessidades instrucionais mais extremas, adaptando-se \u00e0 realidade social, pol\u00edtica e jur\u00eddica da \u00e1rea. de atua\u00e7\u00e3o.<\/p>\n\n\n\n<p>Nosso sistema de trabalho permite a adapta\u00e7\u00e3o de nossa equipe \u00e0s suas necessidades de treinamento, assessorando-os nas disciplinas e m\u00e9todos did\u00e1ticos mais eficazes.&nbsp;Evitando-se, desta forma, o desperd\u00edcio de recursos em treinamentos que n\u00e3o afetam a qualidade do servi\u00e7o a ser aprimorado.<\/p>\n\n\n\n<p><strong>Instrutores experientes.&nbsp;Curr\u00edculo rigoroso<\/strong><\/p>\n\n\n\n<p>O treinamento \u00e9 uma prioridade para organiza\u00e7\u00f5es em todo o mundo \u00e0 medida que expandem suas opera\u00e7\u00f5es al\u00e9m das fronteiras em territ\u00f3rios e \u00e1reas de alto risco.&nbsp;Eles exigem programas de treinamento de alta qualidade para evitar riscos desnecess\u00e1rios, proteger o pessoal e outros ativos valiosos<\/p>\n\n\n\n<p><strong>Nossa Solu\u00e7\u00e3o<\/strong><\/p>\n\n\n\n<p><strong>A TTI-OPS<\/strong>&nbsp;desenvolve e implementa programas abrangentes de treinamento para ag\u00eancias governamentais, for\u00e7as de seguran\u00e7a do estado, pessoal de seguran\u00e7a privada e corpora\u00e7\u00f5es multinacionais.&nbsp;Nossos instrutores experientes e programas de instru\u00e7\u00e3o robustos nos permitem implementar rapidamente programas de treinamento de qualquer escala em qualquer ambiente.&nbsp;Prometemos, ao finalizar os cursos, um alto retorno como resultado de seus investimentos em treinamento.<\/p>\n\n\n\n<p><strong>Por que Instituto de Treinamento T\u00e1tico?<\/strong><\/p>\n\n\n\n<p><strong>Treine com os melhores<\/strong>&nbsp;, nossos instrutores treinaram milhares de alunos em v\u00e1rios pa\u00edses para apoiar o treinamento do governo e clientes privados.&nbsp;Nossos instrutores s\u00e3o especialistas na \u00e1rea e em uma ampla variedade de t\u00e1ticas para servi\u00e7os de prote\u00e7\u00e3o, defesa pessoal, dire\u00e7\u00e3o defensiva, pontaria &#8230;&nbsp;<strong>&nbsp;etc<\/strong><\/p>\n\n\n\n<p><strong>Treinamento personalizado<\/strong>&nbsp;.&nbsp;Temos consci\u00eancia de que cada cliente \u00e9 diferente e cada um possui caracter\u00edsticas que exigem solu\u00e7\u00f5es espec\u00edficas.&nbsp;Trabalhamos com sua organiza\u00e7\u00e3o para entender suas demandas exclusivas e desenvolver, implementar e manter um curr\u00edculo robusto em educa\u00e7\u00e3o.<\/p>\n\n\n\n<p><strong>Ambiente de estudo ativo.&nbsp;<\/strong>Nossos alunos se beneficiam de m\u00faltiplas formas de estudo, um ambiente que consiste em educa\u00e7\u00e3o em sala de aula, exerc\u00edcios baseados em argumentos e usos pr\u00e1ticos, bem como uma sala de aula online onde eles podem lembrar ou treinar as partes te\u00f3ricas e pr\u00e1ticas ap\u00f3s nossos cursos.<\/p>\n\n\n\n<p><strong>Satisfa\u00e7\u00e3o&nbsp;<\/strong><strong>.&nbsp;<\/strong>&nbsp;De militares, for\u00e7as e \u00f3rg\u00e3os de seguran\u00e7a do Estado, seguran\u00e7a privada e executivos, temos recebido muitos coment\u00e1rios de satisfa\u00e7\u00e3o e gratid\u00e3o sobre nossos programas de treinamento em todo o mundo.<\/p>\n\n\n\n<h3 class=\"wp-block-heading\">OS OBJETIVOS DA NOSSA FORMA\u00c7\u00c3O ATINGEM OS SEGUINTES PERFIS PROFISSIONAIS:<\/h3>\n\n\n\n<ul class=\"wp-block-list\"><li>Escada de dire\u00e7\u00e3o e gest\u00e3o de recursos (diretores, chefes e generalistas)<\/li><li>Escala superior (analistas, diretores e especialistas)<\/li><li>Escala intermedi\u00e1ria (pessoal operacional de elite, NCOs e gerentes intermedi\u00e1rios)<\/li><li>Escala b\u00e1sica (policiais, tropas, pessoal de apoio e vigil\u00e2ncia)<\/li><\/ul>\n\n\n\n<p>Nossos cursos para entidades oficiais t\u00eam car\u00e1ter restrito e n\u00e3o podem ser realizados por pessoal n\u00e3o autorizado.<\/p>\n\n\n\n<h3 class=\"wp-block-heading\">CURSOS PARA ORGANIZA\u00c7\u00d5ES OFICIAIS<\/h3>\n\n\n\n<p><strong>Nossos programas de acesso aberto e gratuito cobrem as seguintes disciplinas:<\/strong><\/p>\n\n\n\n<ul class=\"wp-block-list\"><li>Prote\u00e7\u00e3o Civil.<\/li><li>Resgate na montanha.<\/li><li>Guardas de campo privados.<\/li><li>Curso de vigilante de explosivos.<\/li><li>Cursos para seguran\u00e7as.<\/li><li>Curso de forma\u00e7\u00e3o em log\u00edstica e seguran\u00e7a para organiza\u00e7\u00f5es n\u00e3o governamentais.<\/li><li>Cursos de seguran\u00e7a em viagens a \u00e1reas de risco para jornalistas.<\/li><li>Curso de autoprote\u00e7\u00e3o.<\/li><li>Cursos de dire\u00e7\u00e3o operacional.<\/li><li>Condu\u00e7\u00e3o 4X4.&nbsp;Defesa pessoal.<\/li><li>Sobreviv\u00eancia em \u00e1reas extremas.<\/li><\/ul>\n\n\n\n<p><strong>Cursos para profissionais de seguran\u00e7a devidamente autorizados:<\/strong><\/p>\n\n\n\n<ul class=\"wp-block-list\"><li>Cursos de Prote\u00e7\u00e3o de Personalidades.<\/li><li>Cursos de fluoroscopia.<\/li><li>Cursos de tiro.<\/li><li>Controles de acesso.<\/li><li>Dirigir ve\u00edculos priorit\u00e1rios.<\/li><li>Redu\u00e7\u00e3o de suspeitos e curso de controle.<\/li><li>Luta corpo a corpo, com faca e uso de armas n\u00e3o convencionais.<\/li><\/ul>\n\n\n\n<hr class=\"wp-block-separator\"\/>\n\n\n\n<div class=\"wp-block-image\"><figure class=\"aligncenter size-full\"><img loading=\"lazy\" decoding=\"async\" width=\"600\" height=\"249\" src=\"https:\/\/ttiops.org\/wp-content\/uploads\/2020\/11\/Esto-no-es-un-juego-button-2-600x249-1.png\" alt=\"\" class=\"wp-image-173\" srcset=\"https:\/\/ttiops.org\/wp-content\/uploads\/2020\/11\/Esto-no-es-un-juego-button-2-600x249-1.png 600w, https:\/\/ttiops.org\/wp-content\/uploads\/2020\/11\/Esto-no-es-un-juego-button-2-600x249-1-300x125.png 300w\" sizes=\"auto, (max-width: 600px) 100vw, 600px\" \/><\/figure><\/div>\n","protected":false},"excerpt":{"rendered":"<p>O Tactical Training Institute \u00e9 uma empresa especializada na forma\u00e7\u00e3o de pessoal de seguran\u00e7a de alto n\u00edvel, colaborando com diversas universidades, associa\u00e7\u00f5es profissionais, centros de forma\u00e7\u00e3o oficiais e privados, tanto em Espanha como no estrangeiro.&nbsp;Atualmente trabalhamos em 21 pa\u00edses na Europa, \u00c1frica, Am\u00e9rica do Sul e Oriente M\u00e9dio.&nbsp;Temos presen\u00e7a permanente na Espanha e no Brasil.&nbsp; [&hellip;]<\/p>\n","protected":false},"author":1,"featured_media":0,"parent":0,"menu_order":18,"comment_status":"closed","ping_status":"closed","template":"","meta":{"footnotes":""},"class_list":["post-282","page","type-page","status-publish","hentry"],"yoast_head":"<!-- This site is optimized with the Yoast SEO plugin v24.9 - https:\/\/yoast.com\/wordpress\/plugins\/seo\/ -->\n<title>Cursos e treinamentos - TTI-OPS | Tactical Training Institute<\/title>\n<meta name=\"robots\" content=\"index, follow, max-snippet:-1, max-image-preview:large, max-video-preview:-1\" \/>\n<link rel=\"canonical\" href=\"https:\/\/ttiops.org\/pt-br\/cursos-e-treinamentos\/\" \/>\n<meta property=\"og:locale\" content=\"pt_BR\" \/>\n<meta property=\"og:type\" content=\"article\" \/>\n<meta property=\"og:title\" content=\"Cursos e treinamentos - TTI-OPS | Tactical Training Institute\" \/>\n<meta property=\"og:description\" content=\"O Tactical Training Institute \u00e9 uma empresa especializada na forma\u00e7\u00e3o de pessoal de seguran\u00e7a de alto n\u00edvel, colaborando com diversas universidades, associa\u00e7\u00f5es profissionais, centros de forma\u00e7\u00e3o oficiais e privados, tanto em Espanha como no estrangeiro.&nbsp;Atualmente trabalhamos em 21 pa\u00edses na Europa, \u00c1frica, Am\u00e9rica do Sul e Oriente M\u00e9dio.&nbsp;Temos presen\u00e7a permanente na Espanha e no Brasil.&nbsp; [&hellip;]\" \/>\n<meta property=\"og:url\" content=\"https:\/\/ttiops.org\/pt-br\/cursos-e-treinamentos\/\" \/>\n<meta property=\"og:site_name\" content=\"TTI-OPS | Tactical Training Institute\" \/>\n<meta property=\"article:modified_time\" content=\"2020-11-18T23:57:46+00:00\" \/>\n<meta property=\"og:image\" content=\"https:\/\/ttiops.org\/wp-content\/uploads\/2020\/11\/Esto-no-es-un-juego-top-600-x.png\" \/>\n\t<meta property=\"og:image:width\" content=\"600\" \/>\n\t<meta property=\"og:image:height\" content=\"255\" \/>\n\t<meta property=\"og:image:type\" content=\"image\/png\" \/>\n<meta name=\"twitter:card\" content=\"summary_large_image\" \/>\n<meta name=\"twitter:label1\" content=\"Est. tempo de leitura\" \/>\n\t<meta name=\"twitter:data1\" content=\"4 minutos\" \/>\n<script type=\"application\/ld+json\" class=\"yoast-schema-graph\">{\"@context\":\"https:\/\/schema.org\",\"@graph\":[{\"@type\":\"WebPage\",\"@id\":\"https:\/\/ttiops.org\/pt-br\/cursos-e-treinamentos\/\",\"url\":\"https:\/\/ttiops.org\/pt-br\/cursos-e-treinamentos\/\",\"name\":\"Cursos e treinamentos - TTI-OPS | Tactical Training Institute\",\"isPartOf\":{\"@id\":\"https:\/\/ttiops.org\/pt-br\/#website\"},\"primaryImageOfPage\":{\"@id\":\"https:\/\/ttiops.org\/pt-br\/cursos-e-treinamentos\/#primaryimage\"},\"image\":{\"@id\":\"https:\/\/ttiops.org\/pt-br\/cursos-e-treinamentos\/#primaryimage\"},\"thumbnailUrl\":\"https:\/\/ttiops.org\/wp-content\/uploads\/2020\/11\/Esto-no-es-un-juego-top-600-x.png\",\"datePublished\":\"2020-11-18T21:33:49+00:00\",\"dateModified\":\"2020-11-18T23:57:46+00:00\",\"breadcrumb\":{\"@id\":\"https:\/\/ttiops.org\/pt-br\/cursos-e-treinamentos\/#breadcrumb\"},\"inLanguage\":\"pt-BR\",\"potentialAction\":[{\"@type\":\"ReadAction\",\"target\":[\"https:\/\/ttiops.org\/pt-br\/cursos-e-treinamentos\/\"]}]},{\"@type\":\"ImageObject\",\"inLanguage\":\"pt-BR\",\"@id\":\"https:\/\/ttiops.org\/pt-br\/cursos-e-treinamentos\/#primaryimage\",\"url\":\"https:\/\/ttiops.org\/wp-content\/uploads\/2020\/11\/Esto-no-es-un-juego-top-600-x.png\",\"contentUrl\":\"https:\/\/ttiops.org\/wp-content\/uploads\/2020\/11\/Esto-no-es-un-juego-top-600-x.png\"},{\"@type\":\"BreadcrumbList\",\"@id\":\"https:\/\/ttiops.org\/pt-br\/cursos-e-treinamentos\/#breadcrumb\",\"itemListElement\":[{\"@type\":\"ListItem\",\"position\":1,\"name\":\"Home\",\"item\":\"https:\/\/ttiops.org\/pt-br\/\"},{\"@type\":\"ListItem\",\"position\":2,\"name\":\"Cursos e treinamentos\"}]},{\"@type\":\"WebSite\",\"@id\":\"https:\/\/ttiops.org\/pt-br\/#website\",\"url\":\"https:\/\/ttiops.org\/pt-br\/\",\"name\":\"TTI-OPS | Tactical Training Institute\",\"description\":\"\",\"potentialAction\":[{\"@type\":\"SearchAction\",\"target\":{\"@type\":\"EntryPoint\",\"urlTemplate\":\"https:\/\/ttiops.org\/pt-br\/?s={search_term_string}\"},\"query-input\":{\"@type\":\"PropertyValueSpecification\",\"valueRequired\":true,\"valueName\":\"search_term_string\"}}],\"inLanguage\":\"pt-BR\"}]}<\/script>\n<!-- \/ Yoast SEO plugin. -->","yoast_head_json":{"title":"Cursos e treinamentos - TTI-OPS | Tactical Training Institute","robots":{"index":"index","follow":"follow","max-snippet":"max-snippet:-1","max-image-preview":"max-image-preview:large","max-video-preview":"max-video-preview:-1"},"canonical":"https:\/\/ttiops.org\/pt-br\/cursos-e-treinamentos\/","og_locale":"pt_BR","og_type":"article","og_title":"Cursos e treinamentos - TTI-OPS | Tactical Training Institute","og_description":"O Tactical Training Institute \u00e9 uma empresa especializada na forma\u00e7\u00e3o de pessoal de seguran\u00e7a de alto n\u00edvel, colaborando com diversas universidades, associa\u00e7\u00f5es profissionais, centros de forma\u00e7\u00e3o oficiais e privados, tanto em Espanha como no estrangeiro.&nbsp;Atualmente trabalhamos em 21 pa\u00edses na Europa, \u00c1frica, Am\u00e9rica do Sul e Oriente M\u00e9dio.&nbsp;Temos presen\u00e7a permanente na Espanha e no Brasil.&nbsp; [&hellip;]","og_url":"https:\/\/ttiops.org\/pt-br\/cursos-e-treinamentos\/","og_site_name":"TTI-OPS | Tactical Training Institute","article_modified_time":"2020-11-18T23:57:46+00:00","og_image":[{"width":600,"height":255,"url":"https:\/\/ttiops.org\/wp-content\/uploads\/2020\/11\/Esto-no-es-un-juego-top-600-x.png","type":"image\/png"}],"twitter_card":"summary_large_image","twitter_misc":{"Est. tempo de leitura":"4 minutos"},"schema":{"@context":"https:\/\/schema.org","@graph":[{"@type":"WebPage","@id":"https:\/\/ttiops.org\/pt-br\/cursos-e-treinamentos\/","url":"https:\/\/ttiops.org\/pt-br\/cursos-e-treinamentos\/","name":"Cursos e treinamentos - TTI-OPS | Tactical Training Institute","isPartOf":{"@id":"https:\/\/ttiops.org\/pt-br\/#website"},"primaryImageOfPage":{"@id":"https:\/\/ttiops.org\/pt-br\/cursos-e-treinamentos\/#primaryimage"},"image":{"@id":"https:\/\/ttiops.org\/pt-br\/cursos-e-treinamentos\/#primaryimage"},"thumbnailUrl":"https:\/\/ttiops.org\/wp-content\/uploads\/2020\/11\/Esto-no-es-un-juego-top-600-x.png","datePublished":"2020-11-18T21:33:49+00:00","dateModified":"2020-11-18T23:57:46+00:00","breadcrumb":{"@id":"https:\/\/ttiops.org\/pt-br\/cursos-e-treinamentos\/#breadcrumb"},"inLanguage":"pt-BR","potentialAction":[{"@type":"ReadAction","target":["https:\/\/ttiops.org\/pt-br\/cursos-e-treinamentos\/"]}]},{"@type":"ImageObject","inLanguage":"pt-BR","@id":"https:\/\/ttiops.org\/pt-br\/cursos-e-treinamentos\/#primaryimage","url":"https:\/\/ttiops.org\/wp-content\/uploads\/2020\/11\/Esto-no-es-un-juego-top-600-x.png","contentUrl":"https:\/\/ttiops.org\/wp-content\/uploads\/2020\/11\/Esto-no-es-un-juego-top-600-x.png"},{"@type":"BreadcrumbList","@id":"https:\/\/ttiops.org\/pt-br\/cursos-e-treinamentos\/#breadcrumb","itemListElement":[{"@type":"ListItem","position":1,"name":"Home","item":"https:\/\/ttiops.org\/pt-br\/"},{"@type":"ListItem","position":2,"name":"Cursos e treinamentos"}]},{"@type":"WebSite","@id":"https:\/\/ttiops.org\/pt-br\/#website","url":"https:\/\/ttiops.org\/pt-br\/","name":"TTI-OPS | Tactical Training Institute","description":"","potentialAction":[{"@type":"SearchAction","target":{"@type":"EntryPoint","urlTemplate":"https:\/\/ttiops.org\/pt-br\/?s={search_term_string}"},"query-input":{"@type":"PropertyValueSpecification","valueRequired":true,"valueName":"search_term_string"}}],"inLanguage":"pt-BR"}]}},"_links":{"self":[{"href":"https:\/\/ttiops.org\/pt-br\/wp-json\/wp\/v2\/pages\/282","targetHints":{"allow":["GET"]}}],"collection":[{"href":"https:\/\/ttiops.org\/pt-br\/wp-json\/wp\/v2\/pages"}],"about":[{"href":"https:\/\/ttiops.org\/pt-br\/wp-json\/wp\/v2\/types\/page"}],"author":[{"embeddable":true,"href":"https:\/\/ttiops.org\/pt-br\/wp-json\/wp\/v2\/users\/1"}],"replies":[{"embeddable":true,"href":"https:\/\/ttiops.org\/pt-br\/wp-json\/wp\/v2\/comments?post=282"}],"version-history":[{"count":1,"href":"https:\/\/ttiops.org\/pt-br\/wp-json\/wp\/v2\/pages\/282\/revisions"}],"predecessor-version":[{"id":285,"href":"https:\/\/ttiops.org\/pt-br\/wp-json\/wp\/v2\/pages\/282\/revisions\/285"}],"wp:attachment":[{"href":"https:\/\/ttiops.org\/pt-br\/wp-json\/wp\/v2\/media?parent=282"}],"curies":[{"name":"wp","href":"https:\/\/api.w.org\/{rel}","templated":true}]}}