{"id":58,"date":"2020-11-17T16:01:20","date_gmt":"2020-11-17T16:01:20","guid":{"rendered":"https:\/\/ttiops.org\/?page_id=58"},"modified":"2020-12-02T21:14:15","modified_gmt":"2020-12-02T21:14:15","slug":"home-2","status":"publish","type":"page","link":"https:\/\/ttiops.org\/pt-br\/","title":{"rendered":"HOME"},"content":{"rendered":"\n<figure class=\"wp-block-embed-youtube wp-block-embed is-type-video is-provider-youtube wp-embed-aspect-16-9 wp-has-aspect-ratio\"><div class=\"wp-block-embed__wrapper\">\n<iframe loading=\"lazy\" title=\"TTI OPS Cursos de Formacion\" width=\"500\" height=\"281\" src=\"https:\/\/www.youtube.com\/embed\/CV-CuubTrA4?feature=oembed\" frameborder=\"0\" allow=\"accelerometer; autoplay; clipboard-write; encrypted-media; gyroscope; picture-in-picture; web-share\" referrerpolicy=\"strict-origin-when-cross-origin\" allowfullscreen><\/iframe>\n<\/div><\/figure>\n\n\n\n<h1 class=\"has-text-color wp-block-heading\" style=\"color:#9a1611\">INSTITUTO DE TREINAMENTO T\u00c1TICO (TTI-OPS)<\/h1>\n\n\n\n<p>Fundada em 1997, a&nbsp;&nbsp;<strong>TTI-OPS<\/strong>&nbsp;&nbsp;\u00e9 uma empresa de consultoria de seguran\u00e7a e nossas \u00e1reas de trabalho incluem:<\/p>\n\n\n\n<p><strong><u>Treinamento<\/u><\/strong><\/p>\n\n\n\n<p>Somos especializados na forma\u00e7\u00e3o de seguran\u00e7as de alt\u00edssimo n\u00edvel, colaborando com universidades, associa\u00e7\u00f5es profissionais e centros de forma\u00e7\u00e3o oficiais e privados, tanto na Espanha, como no Brasil ou no M\u00e9xico, onde temos presen\u00e7a permanente, bem como em outros pa\u00edses dentro de uma Rede de servi\u00e7os de alta qualidade.&nbsp;<br>Atualmente estamos trabalhando em 21 pa\u00edses da Europa, \u00c1frica, Am\u00e9rica do Sul e Oriente M\u00e9dio no treinamento de Unidades Especiais do Ex\u00e9rcito e da Pol\u00edcia, empresas de seguran\u00e7a privada e civis que, por diversos motivos, precisam elevar seu n\u00edvel de seguran\u00e7a pessoal.<\/p>\n\n\n\n<p><strong><u>Consultoria de Seguran\u00e7a<\/u><\/strong><\/p>\n\n\n\n<p>A vasta experi\u00eancia do nosso pessoal, todos com experi\u00eancia m\u00ednima de 10 anos em opera\u00e7\u00f5es em \u00e1reas de alto risco, \u00e9 a nossa garantia para resolver os mais diversos e complexos problemas de seguran\u00e7a.&nbsp;Actualmente focamos a nossa actividade na Europa, Am\u00e9rica do Sul e \u00c1frica, oferecendo uma resposta r\u00e1pida \u00e0s necessidades dos nossos clientes.<\/p>\n\n\n\n<p><strong>A TTI-OPS<\/strong>&nbsp;&nbsp;pode disponibilizar pessoal altamente qualificado na gest\u00e3o e execu\u00e7\u00e3o de opera\u00e7\u00f5es de intelig\u00eancia, seguran\u00e7a industrial, projetos de coopera\u00e7\u00e3o e ajuda humanit\u00e1ria, sempre amparado por equipamentos t\u00e9cnicos de \u00faltima gera\u00e7\u00e3o.<\/p>\n\n\n\n<p><strong><u><\/u><\/strong><br>Seguran\u00e7a<strong><u>&nbsp;mar\u00edtima A<\/u><\/strong>&nbsp;seguran\u00e7a mar\u00edtima tem sido&nbsp;uma das suas \u00e1reas de especializa\u00e7\u00e3odesde a funda\u00e7\u00e3o do&nbsp;<strong>&nbsp;TTI-OPS<\/strong>&nbsp;, participando na elabora\u00e7\u00e3o de protocolos de seguran\u00e7a, tanto a bordo de navios como na sua aplica\u00e7\u00e3o em instala\u00e7\u00f5es portu\u00e1rias de diversos pa\u00edses.<\/p>\n\n\n\n<ul class=\"wp-block-list\"><li>Concep\u00e7\u00e3o, desenvolvimento e implementa\u00e7\u00e3o do c\u00f3digo ISPS<\/li><li>Concep\u00e7\u00e3o e desenvolvimento de planos de prote\u00e7\u00e3o de instala\u00e7\u00f5es portu\u00e1rias (PPIP)<\/li><li>Concep\u00e7\u00e3o e desenvolvimento de planos de prote\u00e7\u00e3o de terminais e concess\u00f5es portu\u00e1rias (PPIP)<\/li><li>Concep\u00e7\u00e3o e desenvolvimento de planos de seguran\u00e7a do navio (PPB)<\/li><li>Aconselhamento no dom\u00ednio da seguran\u00e7a e protec\u00e7\u00e3o mar\u00edtimo-portu\u00e1ria.<\/li><li>Opera\u00e7\u00f5es antipirataria.<\/li><li>Treinamento de oficial de seguran\u00e7a do navio (OPB)<\/li><li>Treinamento de oficial de seguran\u00e7a mar\u00edtima (OCPM)<\/li><li>Treinamento do Oficial de Seguran\u00e7a das Instala\u00e7\u00f5es Portu\u00e1rias (OPIP)<\/li><\/ul>\n\n\n\n<p><strong><u>Log\u00edstica<\/u><\/strong><\/p>\n\n\n\n<p>Oferecemos os meios t\u00e9cnicos mais adequados para cada situa\u00e7\u00e3o, estudando as capacidades e necessidades das opera\u00e7\u00f5es a desenvolver.&nbsp;Produtos relacionados \u00e0 seguran\u00e7a, como armas, muni\u00e7\u00f5es, acess\u00f3rios (coldres, carregadores, coletes \u00e0 prova de balas, viseiras &#8230;).&nbsp;Bem como todos os tipos de sistemas de comunica\u00e7\u00e3o, sistemas de vigil\u00e2ncia, prote\u00e7\u00e3o e intelig\u00eancia.<\/p>\n\n\n\n<p>Na Espanha, desde 2003, somos autorizados a comprar e vender armas, muni\u00e7\u00f5es e pe\u00e7as essenciais pela Dire\u00e7\u00e3o-Geral da Guarda Civil.<\/p>\n","protected":false},"excerpt":{"rendered":"<p>INSTITUTO DE TREINAMENTO T\u00c1TICO (TTI-OPS) Fundada em 1997, a&nbsp;&nbsp;TTI-OPS&nbsp;&nbsp;\u00e9 uma empresa de consultoria de seguran\u00e7a e nossas \u00e1reas de trabalho incluem: Treinamento Somos especializados na forma\u00e7\u00e3o de seguran\u00e7as de alt\u00edssimo n\u00edvel, colaborando com universidades, associa\u00e7\u00f5es profissionais e centros de forma\u00e7\u00e3o oficiais e privados, tanto na Espanha, como no Brasil ou no M\u00e9xico, onde temos presen\u00e7a [&hellip;]<\/p>\n","protected":false},"author":1,"featured_media":0,"parent":0,"menu_order":3,"comment_status":"closed","ping_status":"closed","template":"","meta":{"footnotes":""},"class_list":["post-58","page","type-page","status-publish","hentry"],"yoast_head":"<!-- This site is optimized with the Yoast SEO plugin v24.9 - https:\/\/yoast.com\/wordpress\/plugins\/seo\/ -->\n<title>TTI-OPS | Tactical Training Institute<\/title>\n<meta name=\"robots\" content=\"index, follow, max-snippet:-1, max-image-preview:large, max-video-preview:-1\" \/>\n<link rel=\"canonical\" href=\"https:\/\/ttiops.org\/pt-br\/\" \/>\n<meta property=\"og:locale\" content=\"pt_BR\" \/>\n<meta property=\"og:type\" content=\"article\" \/>\n<meta property=\"og:title\" content=\"TTI-OPS | Tactical Training Institute\" \/>\n<meta property=\"og:description\" content=\"INSTITUTO DE TREINAMENTO T\u00c1TICO (TTI-OPS) Fundada em 1997, a&nbsp;&nbsp;TTI-OPS&nbsp;&nbsp;\u00e9 uma empresa de consultoria de seguran\u00e7a e nossas \u00e1reas de trabalho incluem: Treinamento Somos especializados na forma\u00e7\u00e3o de seguran\u00e7as de alt\u00edssimo n\u00edvel, colaborando com universidades, associa\u00e7\u00f5es profissionais e centros de forma\u00e7\u00e3o oficiais e privados, tanto na Espanha, como no Brasil ou no M\u00e9xico, onde temos presen\u00e7a [&hellip;]\" \/>\n<meta property=\"og:url\" content=\"https:\/\/ttiops.org\/pt-br\/\" \/>\n<meta property=\"og:site_name\" content=\"TTI-OPS | Tactical Training Institute\" \/>\n<meta property=\"article:modified_time\" content=\"2020-12-02T21:14:15+00:00\" \/>\n<meta name=\"twitter:card\" content=\"summary_large_image\" \/>\n<meta name=\"twitter:label1\" content=\"Est. tempo de leitura\" \/>\n\t<meta name=\"twitter:data1\" content=\"2 minutos\" \/>\n<script type=\"application\/ld+json\" class=\"yoast-schema-graph\">{\"@context\":\"https:\/\/schema.org\",\"@graph\":[{\"@type\":\"WebPage\",\"@id\":\"https:\/\/ttiops.org\/pt-br\/\",\"url\":\"https:\/\/ttiops.org\/pt-br\/\",\"name\":\"TTI-OPS | Tactical Training Institute\",\"isPartOf\":{\"@id\":\"https:\/\/ttiops.org\/pt-br\/#website\"},\"datePublished\":\"2020-11-17T16:01:20+00:00\",\"dateModified\":\"2020-12-02T21:14:15+00:00\",\"breadcrumb\":{\"@id\":\"https:\/\/ttiops.org\/pt-br\/#breadcrumb\"},\"inLanguage\":\"pt-BR\",\"potentialAction\":[{\"@type\":\"ReadAction\",\"target\":[\"https:\/\/ttiops.org\/pt-br\/\"]}]},{\"@type\":\"BreadcrumbList\",\"@id\":\"https:\/\/ttiops.org\/pt-br\/#breadcrumb\",\"itemListElement\":[{\"@type\":\"ListItem\",\"position\":1,\"name\":\"Home\",\"item\":\"https:\/\/ttiops.org\/pt-br\/\"},{\"@type\":\"ListItem\",\"position\":2,\"name\":\"HOME\"}]},{\"@type\":\"WebSite\",\"@id\":\"https:\/\/ttiops.org\/pt-br\/#website\",\"url\":\"https:\/\/ttiops.org\/pt-br\/\",\"name\":\"TTI-OPS | Tactical Training Institute\",\"description\":\"\",\"potentialAction\":[{\"@type\":\"SearchAction\",\"target\":{\"@type\":\"EntryPoint\",\"urlTemplate\":\"https:\/\/ttiops.org\/pt-br\/?s={search_term_string}\"},\"query-input\":{\"@type\":\"PropertyValueSpecification\",\"valueRequired\":true,\"valueName\":\"search_term_string\"}}],\"inLanguage\":\"pt-BR\"}]}<\/script>\n<!-- \/ Yoast SEO plugin. -->","yoast_head_json":{"title":"TTI-OPS | Tactical Training Institute","robots":{"index":"index","follow":"follow","max-snippet":"max-snippet:-1","max-image-preview":"max-image-preview:large","max-video-preview":"max-video-preview:-1"},"canonical":"https:\/\/ttiops.org\/pt-br\/","og_locale":"pt_BR","og_type":"article","og_title":"TTI-OPS | Tactical Training Institute","og_description":"INSTITUTO DE TREINAMENTO T\u00c1TICO (TTI-OPS) Fundada em 1997, a&nbsp;&nbsp;TTI-OPS&nbsp;&nbsp;\u00e9 uma empresa de consultoria de seguran\u00e7a e nossas \u00e1reas de trabalho incluem: Treinamento Somos especializados na forma\u00e7\u00e3o de seguran\u00e7as de alt\u00edssimo n\u00edvel, colaborando com universidades, associa\u00e7\u00f5es profissionais e centros de forma\u00e7\u00e3o oficiais e privados, tanto na Espanha, como no Brasil ou no M\u00e9xico, onde temos presen\u00e7a [&hellip;]","og_url":"https:\/\/ttiops.org\/pt-br\/","og_site_name":"TTI-OPS | Tactical Training Institute","article_modified_time":"2020-12-02T21:14:15+00:00","twitter_card":"summary_large_image","twitter_misc":{"Est. tempo de leitura":"2 minutos"},"schema":{"@context":"https:\/\/schema.org","@graph":[{"@type":"WebPage","@id":"https:\/\/ttiops.org\/pt-br\/","url":"https:\/\/ttiops.org\/pt-br\/","name":"TTI-OPS | Tactical Training Institute","isPartOf":{"@id":"https:\/\/ttiops.org\/pt-br\/#website"},"datePublished":"2020-11-17T16:01:20+00:00","dateModified":"2020-12-02T21:14:15+00:00","breadcrumb":{"@id":"https:\/\/ttiops.org\/pt-br\/#breadcrumb"},"inLanguage":"pt-BR","potentialAction":[{"@type":"ReadAction","target":["https:\/\/ttiops.org\/pt-br\/"]}]},{"@type":"BreadcrumbList","@id":"https:\/\/ttiops.org\/pt-br\/#breadcrumb","itemListElement":[{"@type":"ListItem","position":1,"name":"Home","item":"https:\/\/ttiops.org\/pt-br\/"},{"@type":"ListItem","position":2,"name":"HOME"}]},{"@type":"WebSite","@id":"https:\/\/ttiops.org\/pt-br\/#website","url":"https:\/\/ttiops.org\/pt-br\/","name":"TTI-OPS | Tactical Training Institute","description":"","potentialAction":[{"@type":"SearchAction","target":{"@type":"EntryPoint","urlTemplate":"https:\/\/ttiops.org\/pt-br\/?s={search_term_string}"},"query-input":{"@type":"PropertyValueSpecification","valueRequired":true,"valueName":"search_term_string"}}],"inLanguage":"pt-BR"}]}},"_links":{"self":[{"href":"https:\/\/ttiops.org\/pt-br\/wp-json\/wp\/v2\/pages\/58","targetHints":{"allow":["GET"]}}],"collection":[{"href":"https:\/\/ttiops.org\/pt-br\/wp-json\/wp\/v2\/pages"}],"about":[{"href":"https:\/\/ttiops.org\/pt-br\/wp-json\/wp\/v2\/types\/page"}],"author":[{"embeddable":true,"href":"https:\/\/ttiops.org\/pt-br\/wp-json\/wp\/v2\/users\/1"}],"replies":[{"embeddable":true,"href":"https:\/\/ttiops.org\/pt-br\/wp-json\/wp\/v2\/comments?post=58"}],"version-history":[{"count":5,"href":"https:\/\/ttiops.org\/pt-br\/wp-json\/wp\/v2\/pages\/58\/revisions"}],"predecessor-version":[{"id":464,"href":"https:\/\/ttiops.org\/pt-br\/wp-json\/wp\/v2\/pages\/58\/revisions\/464"}],"wp:attachment":[{"href":"https:\/\/ttiops.org\/pt-br\/wp-json\/wp\/v2\/media?parent=58"}],"curies":[{"name":"wp","href":"https:\/\/api.w.org\/{rel}","templated":true}]}}